{"id":10367,"date":"2024-09-03T12:07:31","date_gmt":"2024-09-03T10:07:31","guid":{"rendered":"https:\/\/www.brassacademy.com\/?page_id=10367"},"modified":"2026-01-02T00:13:02","modified_gmt":"2026-01-01T22:13:02","slug":"radek-baborak-horn","status":"publish","type":"page","link":"https:\/\/www.brassacademy.com\/en\/masterclasses\/radek-baborak-horn\/","title":{"rendered":"Radek Baborak &#8211; Horn &#8211; 17th &#038; 18th april 2026"},"content":{"rendered":"<p><img decoding=\"async\" class=\"image-preview__image image-preview__image--loaded\" src=\"http:\/\/www.odivadle.cz\/wp-content\/uploads\/Radek-Baborak-1_foto-Zuzana-Bonisch.jpg\" alt=\"Radek Babor\u00e1k odstartoval dal\u0161\u00ed sb\u00edrku na podporu hudebn\u00edk\u016f na voln\u00e9 ...\" width=\"351\" height=\"234\" data-v-22426a4d=\"\" data-test-id=\"image-preview-image\" \/>\u00a0 \u00a0 \u00a0 <strong>RADEK BABORAK \u00a0\/ HORN<\/strong><\/p>\n<div class=\"page\" title=\"Page 1\">\n<div class=\"layoutArea\">\n<div class=\"column\">\n<p><strong>17th &amp; 18th April 2026<br \/>\nInscripci\u00f3n &amp; information : <span style=\"color: #3366ff;\">office@brassacademy.com<br \/>\n<\/span>WhatsApp: <span style=\"color: #3366ff;\">(+34) 685551049<\/span><\/strong><\/p>\n<p><a href=\"https:\/\/www.brassacademy.com\/wp-content\/uploads\/2025\/08\/Registration-form-Masterclass-2025-2026-english.doc\">Registration form Masterclass 2025-2026 english<\/a><\/p>\n<\/div>\n<div><strong>Radek Babor\u00e1k<\/strong> is one of the most prominent personalities of the world music scene.<br \/>\nDuring his 40 years of international\u00a0stages as a solo horn player and since 2010 as a conductor, he has gained<br \/>\nan exceptional reputation with the most important orchestras and festivals.<br \/>\nThanks to his extensive artistic experience, he brings a unique perspective and expertise<\/div>\n<div>to his conducting style, which is characterized by musicality, precision in staging and deep<\/div>\n<div>understanding of the pieces he performs. He is able to interpret and convey emotion and nuance<br \/>\nto the listeners of the music, creating a captivating and memorable concert experiences that are appreciated<br \/>\nby critics and music lovers around the globe.<\/div>\n<div>His repertoire ranges from the works of the Baroque masters, Classical, Romantic and 20th century to works<br \/>\nby living composers whose works he has premiered.<\/div>\n<div><\/div>\n<div><strong>Radek Babor\u00e1k<\/strong> is the chief conductor of the <strong>West Bohemian Symphony Orchestra.<\/strong><\/div>\n<div>in the seasons 2021-2025, from 2026 appointed Honorary Conductor. He is a guest conductor of the<\/div>\n<div>conductor and musical partner of the Symphony Orchestra Yamagata \u00a0Japan.<br \/>\n2023\/2024 he was resident soloist\/conductor of the the music director of the <strong>Brandenburg State Orchestra<\/strong> in<br \/>\nFrankfurt an der Oder.<\/div>\n<div>In 2025 he had his debut as conductor of the with the Slovak Philharmonic Bratislava, State Philharmonic<\/div>\n<div>Ko\u0161ice, the Oxford Philharmonic Orchestra in London and Oxford, SKO-Seiji Ozawa Festival Orchestra &#8211; Matsumoto,<\/div>\n<div>Swiss Festival Academy orchestra Zermatt, NFM Leopoldinum Orchestra Wroclaw.<\/div>\n<div><\/div>\n<div><strong>As a soloist he performed with the Berlin and Vienna Philharmonic Orchestra<\/strong> and<br \/>\nmany other top orchestras under conductors such as James Lewine, Sir Simon Rattle,<br \/>\nSir John Eliot Gardiner, Sir Roger Norrington, Ji\u0159\u00ed B\u011blohl\u00e1vek, Jakub Hr\u016f\u0161a, Seiji Ozawa,<br \/>\nDaniel Barenboim and Vladimir Ashkenazy.<\/div>\n<div><\/div>\n<div>In 2010 he expanded his musical career to include conducting.<\/div>\n<div>His mentor was maestro Seiji Ozawa, whom he assistant with the Mito Chamber Orchestra, which regularly<\/div>\n<div>conducts regularly.<br \/>\nHe founded and is the artistic director of the Czech Sinfonietta, which performs at renowned festivals<\/div>\n<div>in the Czech Republic and Europe such as Prague Spring, Dvo\u0159\u00e1k&#8217;s Pra- Smetana&#8217;s Litomy\u0161l,<br \/>\nFestival \u010cesk\u00fd Krumlov and Mozart Woche Salzburg.<\/div>\n<div>He has achieved extraordinary success at these festivals, accompanying soloists such as Marta Argerich, Jefim<\/div>\n<div>Bronfmann, Sergej Nakarjakov, Ricardo Galliano, Ksenia Sidorova and Guy Braunstein, among others.<\/div>\n<div><\/div>\n<div>As a guest conductor he collaborates with:<\/div>\n<div>\u2022\u2060 \u00a0\u2060Mozarteum Orchestra in Salzburg,<\/div>\n<div>\u2022\u2060 \u00a0\u2060Camerata Salzburg,<\/div>\n<div>\u2022\u2060 \u00a0\u2060Berlin Symphony Orchestra,<\/div>\n<div>\u2022\u2060 \u00a0\u2060Th\u00fcringen Philharmonie Gotha &#8211; Eisenach,<\/div>\n<div>\u2022\u2060 \u00a0\u2060Georgisches Kammerorchester Ingolstadt,<\/div>\n<div>\u2022\u2060 \u00a0\u2060Rheinische Philharmonie Koblenz,<\/div>\n<div>\u2022\u2060 \u00a0\u2060Duisburger Philharmoniker,<\/div>\n<div>\u2022\u2060 \u00a0\u2060Tokyo Philharmonic Orchestra,<\/div>\n<div>\u2022\u2060 \u00a0\u2060New Japan Symphony Orchestra,<\/div>\n<div>\u2022\u2060 \u00a0\u2060Sapporo Symphony Orchestra,<\/div>\n<div>\u2022\u2060 \u00a0\u2060Yamagata Symphony Orchestra,<\/div>\n<div>\u2022\u2060 \u00a0\u2060Saito Kinen Festival Orchestra,<\/div>\n<div>\u2022\u2060 \u00a0\u2060Mito Chamber Orchestra,<\/div>\n<div>\u2022\u2060 \u00a0\u2060Istanbul State Orchestra,<\/div>\n<div>\u2043Izmir Symphony Orchestra<\/div>\n<div>\u2022\u2060 \u00a0\u2060Zielona G\u00f2ra Philharmonic Orchestra,<\/div>\n<div>\u2022\u2060 \u00a0\u2060Slovak Philharmonic Bratislava,<\/div>\n<div>\u2022\u2060 \u00a0\u2060Transilvania Symphony Orchestra Cluz,<\/div>\n<div>\u2022\u2060 \u00a0\u2060Sofia Soloists<\/div>\n<div>\u2022\u2060 \u00a0\u2060Oxford Philharmonic Orchestra,<\/div>\n<div>\u2022\u2060 \u00a0\u2060Malaysian Philharmonic Orchestra,<\/div>\n<div>\u2022\u2060 \u00a0\u2060Radio Orchestra Prague &#8211; SO\u010cR,<\/div>\n<div>\u2022\u2060 \u00a0\u2060Symphony Orchestra of the Capital City of Prague. Prague Symphony Orchestra FOK,<\/div>\n<div>\u2022\u2060 \u00a0\u2060Prague Philharmonic Orchestra,<\/div>\n<div>\u2022\u2060 \u00a0\u2060National Theatre Prague,<\/div>\n<div>\u2022\u2060 \u00a0\u2060State Philharmonic Brno and many other orchestras.<\/div>\n<div><\/div>\n<div>He is intensively involved in chamber music, especially with Baborak Ensemble, which is regularly invited to<\/div>\n<div>Mozartwoche Salzburg, to the Pierre Boulez Saal in Berlin, and on tours of the Europe and Japan.<\/div>\n<div>For his ensemble he creates unique versions of works by composers such as J. S. Bach and Astor Piazzolla, Jean Sibelius, Johannes Brahms, Ferenc Liszt. He has founded or is active in various chamber ensembles,<\/div>\n<div>such as the Afflatus Quintet (1st prize at the ARD Wettweberg), Czech Horn Chorus, Pierre Boulez Ensemble,<\/div>\n<div>Berlin Baroque Soloists, Ozawa Brass Ensemble. He is a permanent member of the\u00a0Lincoln Chamber Music Centre<\/div>\n<div>in New York.<\/div>\n<div><\/div>\n<div><strong>He is a winner &#8211; laureate of the most prestigious competitions in Geneva, Mark-<\/strong><\/div>\n<div><strong>Neukirchen, ARD Munich, Prague Spring Festival.\u00a0<\/strong><\/div>\n<div>His dozens of award-winning recordings for EMI, Sony Classic, Suprafon, Octavia Records, Animal Music, Decca,<\/div>\n<div>H\u00e4nsler Classic.<\/div>\n<div><\/div>\n<div>As associate professor he taught at the Fondazione Arturo Toscanini in Bologna, Escuela Reina Sophia in Madrid,<\/div>\n<div>music Academy Hamu Prague and TOHO University in Tokyo. He is currently a guest \u00a0Professor at the<\/div>\n<div>Barenboim-Said Academy in Berlin.<\/div>\n<div>He runs HornFest Prague, is a mentor of the educational academy MenArt for young music students and music school ensembles.<\/div>\n<div><\/div>\n<div>During the covid pandemic he initiated collections for independent artists and subsequently supported Ukrainian musicians. Hundreds of colleagues supported these activities. actively supports contemporary living composers and premieres their works either as a solo horn player or conductor.<\/div>\n<div class=\"column\">\n<p>&nbsp;<\/p>\n<\/div>\n<\/div>\n<\/div>\n<p><\/p>","protected":false},"excerpt":{"rendered":"<p>\u00a0 \u00a0 \u00a0 RADEK BABORAK \u00a0\/ HORN 17th &amp; 18th April 2026 Inscripci\u00f3n &amp; information : office@brassacademy.com WhatsApp: (+34) 685551049 Registration form Masterclass 2025-2026 english Radek Babor\u00e1k is one of the most prominent personalities of the world music scene. During his 40 years of international\u00a0stages as a solo horn player and since 2010 as a [&hellip;]<\/p>\n","protected":false},"author":3,"featured_media":0,"parent":14,"menu_order":5,"comment_status":"closed","ping_status":"closed","template":"","meta":{"footnotes":""},"class_list":["post-10367","page","type-page","status-publish","hentry"],"_links":{"self":[{"href":"https:\/\/www.brassacademy.com\/en\/wp-json\/wp\/v2\/pages\/10367"}],"collection":[{"href":"https:\/\/www.brassacademy.com\/en\/wp-json\/wp\/v2\/pages"}],"about":[{"href":"https:\/\/www.brassacademy.com\/en\/wp-json\/wp\/v2\/types\/page"}],"author":[{"embeddable":true,"href":"https:\/\/www.brassacademy.com\/en\/wp-json\/wp\/v2\/users\/3"}],"replies":[{"embeddable":true,"href":"https:\/\/www.brassacademy.com\/en\/wp-json\/wp\/v2\/comments?post=10367"}],"version-history":[{"count":13,"href":"https:\/\/www.brassacademy.com\/en\/wp-json\/wp\/v2\/pages\/10367\/revisions"}],"predecessor-version":[{"id":11027,"href":"https:\/\/www.brassacademy.com\/en\/wp-json\/wp\/v2\/pages\/10367\/revisions\/11027"}],"up":[{"embeddable":true,"href":"https:\/\/www.brassacademy.com\/en\/wp-json\/wp\/v2\/pages\/14"}],"wp:attachment":[{"href":"https:\/\/www.brassacademy.com\/en\/wp-json\/wp\/v2\/media?parent=10367"}],"curies":[{"name":"wp","href":"https:\/\/api.w.org\/{rel}","templated":true}]}}