{"id":1561,"date":"2012-07-31T16:21:48","date_gmt":"2012-07-31T14:21:48","guid":{"rendered":"http:\/\/brassacademy.com\/?page_id=1561"},"modified":"2024-05-30T23:29:48","modified_gmt":"2024-05-30T21:29:48","slug":"brass-academy-horns","status":"publish","type":"page","link":"https:\/\/www.brassacademy.com\/en\/ensembles\/brass-academy-horns\/","title":{"rendered":"Brass Academy Horns"},"content":{"rendered":"<p>&nbsp;<\/p>\n<p><img decoding=\"async\" class=\"alignnone size-full wp-image-8924\" src=\"https:\/\/www.brassacademy.com\/wp-content\/uploads\/2022\/12\/Horns-A-WEB-2017-ADDA-300x200-1.jpg\" alt=\"\" width=\"300\" height=\"200\" srcset=\"https:\/\/www.brassacademy.com\/wp-content\/uploads\/2022\/12\/Horns-A-WEB-2017-ADDA-300x200-1-200x133.jpg 200w, https:\/\/www.brassacademy.com\/wp-content\/uploads\/2022\/12\/Horns-A-WEB-2017-ADDA-300x200-1.jpg 300w\" sizes=\"(max-width: 300px) 100vw, 300px\" \/>\u00a0 \u00a0 \u00a0 \u00a0 \u00a0 \u00a0 \u00a0 \u00a0 \u00a0 \u00a0 \u00a0 <img decoding=\"async\" class=\"alignnone size-medium wp-image-7859\" src=\"https:\/\/www.brassacademy.com\/wp-content\/uploads\/2021\/02\/151210279_4207558769273159_5586811675636121682_o-300x290.jpg\" alt=\"\" width=\"300\" height=\"290\" srcset=\"https:\/\/www.brassacademy.com\/wp-content\/uploads\/2021\/02\/151210279_4207558769273159_5586811675636121682_o-20x20.jpg 20w, https:\/\/www.brassacademy.com\/wp-content\/uploads\/2021\/02\/151210279_4207558769273159_5586811675636121682_o-200x194.jpg 200w, https:\/\/www.brassacademy.com\/wp-content\/uploads\/2021\/02\/151210279_4207558769273159_5586811675636121682_o-300x290.jpg 300w, https:\/\/www.brassacademy.com\/wp-content\/uploads\/2021\/02\/151210279_4207558769273159_5586811675636121682_o-400x387.jpg 400w, https:\/\/www.brassacademy.com\/wp-content\/uploads\/2021\/02\/151210279_4207558769273159_5586811675636121682_o-600x581.jpg 600w, https:\/\/www.brassacademy.com\/wp-content\/uploads\/2021\/02\/151210279_4207558769273159_5586811675636121682_o-768x744.jpg 768w, https:\/\/www.brassacademy.com\/wp-content\/uploads\/2021\/02\/151210279_4207558769273159_5586811675636121682_o-800x775.jpg 800w, https:\/\/www.brassacademy.com\/wp-content\/uploads\/2021\/02\/151210279_4207558769273159_5586811675636121682_o-1024x991.jpg 1024w, https:\/\/www.brassacademy.com\/wp-content\/uploads\/2021\/02\/151210279_4207558769273159_5586811675636121682_o-1200x1162.jpg 1200w, https:\/\/www.brassacademy.com\/wp-content\/uploads\/2021\/02\/151210279_4207558769273159_5586811675636121682_o.jpg 1413w\" sizes=\"(max-width: 300px) 100vw, 300px\" \/><\/p>\n<p>The &#8220;Brass Academy Horns&#8221;, group of horns (horns) of the Brass Academy Alicante was created in the<br \/>\nyear 2009 with the aim of studying and disseminating the repertoire for chamber formations of this instrument,<br \/>\nas well as to study orchestral repertoire in section. Nury Guarnaschelli is in charge of conducting,<br \/>\nhorn teacher at the Brass Academy Alicante, who is also an active part of the group. This multifaceted horn group has performed in 2012 together with the renowned horn player Sarah Willis\u00a0of the Berlin Philharmonic and in the past X\u00ba Summer Brass Festival Alicante 2021, also with the famous soloist\u00a0of the Berlin Philharmonic, Stefan Dohr.<\/p>\n<p>The group has had classes from personalities such as: Stefan Dohr, Fergus McWilliam, Matias Pi\u00f1eira, Jos\u00e9 Sogorb, Paulo Mu\u00f1oz,\u00a0Gerd Seifert, among others.<\/p>\n<p>Hiring<\/p>\n<p><a href=\"mailto:alicante@brassacademy.com\">alicante@brassacademy.com<\/a><br \/>\ntel . +34 658575136<\/p>","protected":false},"excerpt":{"rendered":"<p>&nbsp; \u00a0 \u00a0 \u00a0 \u00a0 \u00a0 \u00a0 \u00a0 \u00a0 \u00a0 \u00a0 \u00a0 The &#8220;Brass Academy Horns&#8221;, group of horns (horns) of the Brass Academy Alicante was created in the year 2009 with the aim of studying and disseminating the repertoire for chamber formations of this instrument, as well as to study orchestral repertoire in section. [&hellip;]<\/p>\n","protected":false},"author":3,"featured_media":0,"parent":202,"menu_order":2,"comment_status":"open","ping_status":"closed","template":"","meta":{"footnotes":""},"class_list":["post-1561","page","type-page","status-publish","hentry"],"_links":{"self":[{"href":"https:\/\/www.brassacademy.com\/en\/wp-json\/wp\/v2\/pages\/1561"}],"collection":[{"href":"https:\/\/www.brassacademy.com\/en\/wp-json\/wp\/v2\/pages"}],"about":[{"href":"https:\/\/www.brassacademy.com\/en\/wp-json\/wp\/v2\/types\/page"}],"author":[{"embeddable":true,"href":"https:\/\/www.brassacademy.com\/en\/wp-json\/wp\/v2\/users\/3"}],"replies":[{"embeddable":true,"href":"https:\/\/www.brassacademy.com\/en\/wp-json\/wp\/v2\/comments?post=1561"}],"version-history":[{"count":9,"href":"https:\/\/www.brassacademy.com\/en\/wp-json\/wp\/v2\/pages\/1561\/revisions"}],"predecessor-version":[{"id":10115,"href":"https:\/\/www.brassacademy.com\/en\/wp-json\/wp\/v2\/pages\/1561\/revisions\/10115"}],"up":[{"embeddable":true,"href":"https:\/\/www.brassacademy.com\/en\/wp-json\/wp\/v2\/pages\/202"}],"wp:attachment":[{"href":"https:\/\/www.brassacademy.com\/en\/wp-json\/wp\/v2\/media?parent=1561"}],"curies":[{"name":"wp","href":"https:\/\/api.w.org\/{rel}","templated":true}]}}