{"id":21,"date":"2008-10-23T19:56:17","date_gmt":"2008-10-23T17:56:17","guid":{"rendered":"http:\/\/brassacademy.com\/?page_id=21"},"modified":"2018-01-02T11:50:37","modified_gmt":"2018-01-02T09:50:37","slug":"rudi-korp","status":"publish","type":"page","link":"https:\/\/www.brassacademy.com\/en\/profesores\/trompeta\/rudi-korp\/","title":{"rendered":"Rudi Korp &#8211; Trumpet"},"content":{"rendered":"<div class=\"wpb-content-wrapper\"><p><a href=\"http:\/\/brassacademy.com\/885\/\" rel=\"attachment wp-att-1826\"><img decoding=\"async\" class=\"alignleft size-thumbnail wp-image-1826\" title=\"885\" src=\"http:\/\/brassacademy.com\/wp-content\/uploads\/2008\/10\/885-150x150.jpg\" alt=\"\" width=\"150\" height=\"150\" \/><\/a><\/p>\n<p><strong>Rudolf Korp<\/strong><br \/>\nwww.viennabrass.com<\/p>\n<p>Born in Graz (Austria) in 1961.<br \/>\nHe studied con with his father in the Conservatory of Innsbruck where he finished his study with special distinction.<br \/>\nHe continued his studies in the \u201cMusikhochschule\u201d (University) of Viena under the guidance of professor Adolf Holler (trumpet soloist with the Vienna Philharmonic Orchestra).<br \/>\nAt just 17 years old he won first prize in the competition &#8220;Jugend musiziert&#8221; with a special award from the Bruckner Orchestra Linz.<br \/>\nFrom 1983 to 1985 he was a member of the \u201cScenic Opera Orchestra of Vienna\u201d.<br \/>\nFrom 1985 he was a trumpet soloist in the \u201cTonk\u00fcnstlerorchester\u201d of Viena.<br \/>\nHe has performed as a soloist with the &#8220;Innsbruck Symphony Orchestra&#8221;, &#8220;Tonk\u00fcnstlerorchester&#8221; Jeunesse Musicales Orchestra Linz under the direction of Franz Welser &#8211; M\u00f6st among others.<br \/>\nRudolf Korp has repeatedly played in concerts and on recordings, under the baton of conductors such as Herbert von Karajan, Lorin Maazel, Claudio Abbado, Leopold Hager, Janssons Maris, James Levine, Sir George Solti, etc..<\/p>\n<p>In 1990 he was Artistic Director of the &#8220;International competition for quintets and quartets metal tubes&#8221; in Gm\u00fcnd (Austria).<br \/>\nThe educational work of Rudolf Korp has been very intense in both his home country and giving courses in different countries of Europe, Asia and South America for Trumpet and metals.<br \/>\nSome of the sites where Rudolf Korp has served as visiting professor were:<\/p>\n<ul>\n<li>\n<div style=\"text-align: justify;\">Conservatorio de Innsbruck y Conservatorio de Viena.<\/div>\n<\/li>\n<li>\n<div style=\"text-align: justify;\">Universidad de m\u00fasica de Utrecht (Holanda).<\/div>\n<\/li>\n<li>\n<div style=\"text-align: justify;\">Universidad Internacional Men\u00e9ndez Pelayo de Barcelona<\/div>\n<\/li>\n<li>\n<div style=\"text-align: justify;\">Conservatorio Superior de Murcia<\/div>\n<\/li>\n<li>\n<div style=\"text-align: justify;\">Orquesta de J\u00f3venes de Murcia<\/div>\n<\/li>\n<li>\n<div style=\"text-align: justify;\">Festival Internacional de m\u00fasica de Tarragona<\/div>\n<\/li>\n<li>\n<div style=\"text-align: justify;\">Conservatorio de Girona<\/div>\n<\/li>\n<li>\n<div style=\"text-align: justify;\">Conservatorio de Torrevieja<\/div>\n<\/li>\n<li>\n<div style=\"text-align: justify;\">Cursos en Buenos Aires , Rosario y Santa Fe ( Argentina )<\/div>\n<\/li>\n<li>\n<div style=\"text-align: justify;\">Universidad de m\u00fasica de Beijing ( China )<\/div>\n<\/li>\n<li>\n<div style=\"text-align: justify;\">Cursos en St.Gallen , Zeillern , Pruz, P\u00f6ggstall ( Austria )<\/div>\n<\/li>\n<\/ul>\n<p>Since 1986, a founding member of the renowned brass quintet &#8220;Brass Vienna&#8221; with which he has performed numerous concerts, recordings, courses for metals and successful tours of Europe, Asia and South America.<\/p>\n<p>With Vienna Brass has performed at the following festivals: Wien Modern, Salzburger Festspiele, Ruhr Triennale, Schleswig Holstein Musikfestival, Klangbogen Wien, H\u00f6rg\u00e4nge, Wiener Festwochen Alpent\u00f6ne Festival, St. Gallen Festival, Schw\u00e4bischer Fr\u00fchling.<\/p>\n<p>Discography with Brass Vienna<\/p>\n<p>Anaanas &#8211; Banaanas \/ Koch Records CD<br \/>\nAlles Walzer \/ Koch Records CD<br \/>\nVolume one \/ LP Polygram<br \/>\nPerpetuum Mobile \/ CD Extraplatte<br \/>\nFanfare for a New Theatre \/ CD Extraplatte<br \/>\nLa Boheme \/ CD Extraplatte<br \/>\nA-naa-naa ba-nas-nas etc. \/ CD Extraplatte, Pasticcio-Preis 2004<br \/>\nVideos with Brass Vienna<\/p>\n<p>Austria \/ 1st Prize Film Festival Karlsbad \/ 3 \u00b0 prize of the Chicago Film Festival Prozession Ch\u00f6re Arien und der Eilte \/ Extraplatte<\/p>\n<\/div>","protected":false},"excerpt":{"rendered":"<p>Rudolf Korp www.viennabrass.com Born in Graz (Austria) in 1961. He studied con with his father in the Conservatory of Innsbruck where he finished his study with special distinction. He continued his studies in the \u201cMusikhochschule\u201d (University) of Viena under the guidance of professor Adolf Holler (trumpet soloist with the Vienna Philharmonic Orchestra). At just 17 [&hellip;]<\/p>\n","protected":false},"author":3,"featured_media":0,"parent":4921,"menu_order":0,"comment_status":"open","ping_status":"closed","template":"","meta":{"footnotes":""},"class_list":["post-21","page","type-page","status-publish","hentry"],"_links":{"self":[{"href":"https:\/\/www.brassacademy.com\/en\/wp-json\/wp\/v2\/pages\/21"}],"collection":[{"href":"https:\/\/www.brassacademy.com\/en\/wp-json\/wp\/v2\/pages"}],"about":[{"href":"https:\/\/www.brassacademy.com\/en\/wp-json\/wp\/v2\/types\/page"}],"author":[{"embeddable":true,"href":"https:\/\/www.brassacademy.com\/en\/wp-json\/wp\/v2\/users\/3"}],"replies":[{"embeddable":true,"href":"https:\/\/www.brassacademy.com\/en\/wp-json\/wp\/v2\/comments?post=21"}],"version-history":[{"count":0,"href":"https:\/\/www.brassacademy.com\/en\/wp-json\/wp\/v2\/pages\/21\/revisions"}],"up":[{"embeddable":true,"href":"https:\/\/www.brassacademy.com\/en\/wp-json\/wp\/v2\/pages\/4921"}],"wp:attachment":[{"href":"https:\/\/www.brassacademy.com\/en\/wp-json\/wp\/v2\/media?parent=21"}],"curies":[{"name":"wp","href":"https:\/\/api.w.org\/{rel}","templated":true}]}}