{"id":2259,"date":"2013-07-17T21:59:42","date_gmt":"2013-07-17T19:59:42","guid":{"rendered":"http:\/\/brassacademy.com\/?page_id=2259"},"modified":"2025-01-29T14:08:30","modified_gmt":"2025-01-29T12:08:30","slug":"consejo-academico","status":"publish","type":"page","link":"https:\/\/www.brassacademy.com\/en\/la-academia\/consejo-academico\/","title":{"rendered":"Academic Council"},"content":{"rendered":"<p><\/p>\n<ul>\n<li><em><strong>Rudi Korp<\/strong><\/em><\/li>\n<li><em><strong>Nury Guarnaschelli<\/strong><\/em><\/li>\n<li><em><strong>Daniel Perpi\u00f1an<\/strong><\/em><\/li>\n<li><em><strong>J\u00f6rg Br\u00fcckner<\/strong><\/em><\/li>\n<li><em><strong>Stefan Dohr<\/strong><\/em><\/li>\n<li><em><strong>Mart\u00edn Angerer<\/strong><\/em><\/li>\n<li><em><strong>Patricio Cosentino<\/strong><\/em><\/li>\n<\/ul>\n<p>&nbsp;<\/p>","protected":false},"excerpt":{"rendered":"<p>Rudi Korp Nury Guarnaschelli Daniel Perpi\u00f1an J\u00f6rg Br\u00fcckner Stefan Dohr Mart\u00edn Angerer Patricio Cosentino &nbsp;<\/p>\n","protected":false},"author":3,"featured_media":0,"parent":2750,"menu_order":0,"comment_status":"open","ping_status":"closed","template":"","meta":{"footnotes":""},"class_list":["post-2259","page","type-page","status-publish","hentry"],"_links":{"self":[{"href":"https:\/\/www.brassacademy.com\/en\/wp-json\/wp\/v2\/pages\/2259"}],"collection":[{"href":"https:\/\/www.brassacademy.com\/en\/wp-json\/wp\/v2\/pages"}],"about":[{"href":"https:\/\/www.brassacademy.com\/en\/wp-json\/wp\/v2\/types\/page"}],"author":[{"embeddable":true,"href":"https:\/\/www.brassacademy.com\/en\/wp-json\/wp\/v2\/users\/3"}],"replies":[{"embeddable":true,"href":"https:\/\/www.brassacademy.com\/en\/wp-json\/wp\/v2\/comments?post=2259"}],"version-history":[{"count":11,"href":"https:\/\/www.brassacademy.com\/en\/wp-json\/wp\/v2\/pages\/2259\/revisions"}],"predecessor-version":[{"id":10693,"href":"https:\/\/www.brassacademy.com\/en\/wp-json\/wp\/v2\/pages\/2259\/revisions\/10693"}],"up":[{"embeddable":true,"href":"https:\/\/www.brassacademy.com\/en\/wp-json\/wp\/v2\/pages\/2750"}],"wp:attachment":[{"href":"https:\/\/www.brassacademy.com\/en\/wp-json\/wp\/v2\/media?parent=2259"}],"curies":[{"name":"wp","href":"https:\/\/api.w.org\/{rel}","templated":true}]}}