{"id":2281,"date":"2013-07-22T21:55:38","date_gmt":"2013-07-22T19:55:38","guid":{"rendered":"http:\/\/brassacademy.com\/?page_id=2281"},"modified":"2026-03-04T01:45:52","modified_gmt":"2026-03-03T23:45:52","slug":"amigos-academia","status":"publish","type":"page","link":"https:\/\/www.brassacademy.com\/en\/la-academia\/amigos-academia\/","title":{"rendered":"Friends Academy"},"content":{"rendered":"<div class=\"wpb-content-wrapper\"><p>[vc_row][vc_column][vc_column_text css=&#8221;&#8221;]<strong><span style=\"color: #ff0000;\">FRIENDS OF THE BRASS ACADEMY ALICANTE<\/span><br \/>\n<\/strong><\/p>\n<p><strong>Become a Friend of the Academy\u00a0<\/strong><\/p>\n<p><strong>Patrons Friends :<\/strong><br \/>\n<a href=\"http:\/\/fundacionalbeniz.com\">Fundaci\u00f3n Alb\u00e9niz<\/a><br \/>\n<a href=\"https:\/\/rubenguarnaschelli.wordpress.com\">Ruben Guarnaschelli\u00a0<\/a><br \/>\nVilma Di Biasio<br \/>\nAntonio Bot\u00eda Valverde<\/p>\n<p><em><strong>VIP Friends :<br \/>\n<\/strong>Jos\u00e9 Antonio Gutierrez Pamies<\/em><\/p>\n<p><strong>Adults Friends :<br \/>\n<\/strong><em>Rudolf Diebetsberger<strong><br \/>\n<\/strong><\/em>Diana Caballero Llano<strong><br \/>\n<\/strong>Jos\u00e9 Mar\u00eda Mart\u00ednez Lozano<\/p>\n<p><strong>Junior Friends :<br \/>\n<\/strong>Elena Pastor Herrera<strong><br \/>\n<\/strong>Gema Mart\u00ednez Esteve<\/p>\n<p>** If you are interested in becoming more involved with the Brass Academy Alicante, you can become a\u00a0<strong>\u00a0\u201cFRIEND OF THE BRASS ACADEMY\u201d<\/strong><\/p>\n<p>Friends of the Academy will be informed regularly about activities.<br \/>\nThey will also be invited to participate as listeners at some of our weekend Masterclasses to monitor our\u00a0activities.<\/p>\n<p><strong><span style=\"color: #339966;\">\u221a<\/span> junior friend<\/strong>\u00a0(up to 25 years old)<br \/>\n\u20ac 30 a year<\/p>\n<p><strong><span style=\"color: #339966;\">\u221a<\/span> adult friend<\/strong><br \/>\n\u20ac 50 a year<br \/>\n<strong><br \/>\n<span style=\"color: #339966;\">\u221a<\/span> VIP Friend<\/strong><br \/>\n\u20ac 100 a year<\/p>\n<p><strong><span style=\"color: #339966;\">\u221a<\/span> patrons Friend<\/strong><br \/>\nFrom 500 \u20ac annually<\/p>\n<p><strong><span style=\"color: #339966;\">\u221a<\/span>\u00a0 GODFATHER FRIEND<\/strong><br \/>\nSponsor a talented student by paying his or her annual enrollment of 3,000 Euros and secure the best instruction and career training for a young professional musician\u00a0without leaving home.<br \/>\nYou will follow the student&#8217;s developments closely and have direct contact with them.<\/p>\n<p>* You can support us by bank transfer from an account in Spain or from other countries.<br \/>\nIn the concept, you must put \u201cyour name and donation\u201d.<\/p>\n<div>\n<div>\n<p><strong>Bank Transfer:<\/strong><\/p>\n<h4 class=\"fusion-responsive-typography-calculated\" data-fontsize=\"13\" data-lineheight=\"19.5px\"><strong>Brass Academy \u00a0Alicante<br \/>\nAlicante Arts Cop.<\/strong><br \/>\n<strong>IBAN<\/strong> ES90 2100 5129 4602 0003 1964<br \/>\n<strong>C\u00f3digo BIC<\/strong>\/\u00a0<b>SWIFT : CAIXESBBXXX<br \/>\n<\/b><strong>La Caixa\u00a0<\/strong><\/h4>\n<\/div>\n<\/div>\n<p><strong>\u00a0<\/strong>[\/vc_column_text][\/vc_column][\/vc_row]<\/p>\n<\/div>","protected":false},"excerpt":{"rendered":"<p>[vc_row][vc_column][vc_column_text css=&#8221;&#8221;]FRIENDS OF THE BRASS ACADEMY ALICANTE Become a Friend of the Academy\u00a0 Patrons Friends : Fundaci\u00f3n Alb\u00e9niz Ruben Guarnaschelli\u00a0 Vilma Di Biasio Antonio Bot\u00eda Valverde VIP Friends : Jos\u00e9 Antonio Gutierrez Pamies Adults Friends : Rudolf Diebetsberger Diana Caballero Llano Jos\u00e9 Mar\u00eda Mart\u00ednez Lozano Junior Friends : Elena Pastor Herrera Gema Mart\u00ednez Esteve ** [&hellip;]<\/p>\n","protected":false},"author":3,"featured_media":0,"parent":2750,"menu_order":3,"comment_status":"open","ping_status":"closed","template":"","meta":{"footnotes":""},"class_list":["post-2281","page","type-page","status-publish","hentry"],"_links":{"self":[{"href":"https:\/\/www.brassacademy.com\/en\/wp-json\/wp\/v2\/pages\/2281"}],"collection":[{"href":"https:\/\/www.brassacademy.com\/en\/wp-json\/wp\/v2\/pages"}],"about":[{"href":"https:\/\/www.brassacademy.com\/en\/wp-json\/wp\/v2\/types\/page"}],"author":[{"embeddable":true,"href":"https:\/\/www.brassacademy.com\/en\/wp-json\/wp\/v2\/users\/3"}],"replies":[{"embeddable":true,"href":"https:\/\/www.brassacademy.com\/en\/wp-json\/wp\/v2\/comments?post=2281"}],"version-history":[{"count":12,"href":"https:\/\/www.brassacademy.com\/en\/wp-json\/wp\/v2\/pages\/2281\/revisions"}],"predecessor-version":[{"id":11129,"href":"https:\/\/www.brassacademy.com\/en\/wp-json\/wp\/v2\/pages\/2281\/revisions\/11129"}],"up":[{"embeddable":true,"href":"https:\/\/www.brassacademy.com\/en\/wp-json\/wp\/v2\/pages\/2750"}],"wp:attachment":[{"href":"https:\/\/www.brassacademy.com\/en\/wp-json\/wp\/v2\/media?parent=2281"}],"curies":[{"name":"wp","href":"https:\/\/api.w.org\/{rel}","templated":true}]}}