{"id":3474,"date":"2015-03-26T22:32:43","date_gmt":"2015-03-26T21:32:43","guid":{"rendered":"http:\/\/brassacademy.com\/?page_id=3474"},"modified":"2018-01-30T14:09:41","modified_gmt":"2018-01-30T12:09:41","slug":"estudiantes-premiados","status":"publish","type":"page","link":"https:\/\/www.brassacademy.com\/en\/la-academia\/exitos-alumnos\/estudiantes-premiados\/","title":{"rendered":"Estudiantes premiados"},"content":{"rendered":"<p><strong>\u2013 ANTONIO ZAMORA. Trompa<\/strong><br \/>\n1\u00ba Premio. III Concurso Internacional Vicenta Zarzo en Valencia. 2015.<br \/>\n<strong>\u2013 DANIEL CLIMENT. Bombardino<\/strong><br \/>\n1\u00ba Premio. IV Concurso Nacional de Tuba y Bombardino de Villajoyosa. 2015.<br \/>\n<strong>\u2013 MALAGA BRASS QUINTET \u2013 Quinteto metales<\/strong><br \/>\n2\u00ba premio \u201c III Concurso nacional de m\u00fasica de c\u00e1mara ciudad de la Vall d\u2019Uix\u00f3<br \/>\n<strong>\u2013 ALFONSO CANT\u00d3. Trompeta<\/strong><br \/>\n1\u00ba Premio. Concurso \u201cVilla de Cox\u201d. 2014<br \/>\n<strong>\u2013 MALAGA BRASS QUINTET \u2013 Quinteto metales<\/strong><br \/>\n2\u00ba premio Muestra de j\u00f3venes interpretes de Malaga 2014<br \/>\n<strong>\u2013 SERGI MI\u00d1ANA. Tromb\u00f3n<\/strong><br \/>\n3\u00ba Premio. VII Concurso de Villa de Castellnovo en Valencia. 2014.<br \/>\n<strong>\u2013 ANTONIO ZAMORA. Trompa<br \/>\n<\/strong>\u00a0 1\u00ba Premio. V Concurso de J\u00f3venes Int\u00e9rpretes Rotgl\u00e1 i Corber\u00e1. 2013.<br \/>\n<strong>\u2013 VANESA BAIL\u00c9N. Tromb\u00f3n<br \/>\n<\/strong>\u00a0 \u00a03\u00ba Premio. Concurso San Rapinya de Palma Mallorca. 2013.<br \/>\n<strong>\u2013 ELIECER CARO. Trompeta<br \/>\n<\/strong>\u00a0 1\u00ba Premio. Concurso Interpretaci\u00f3n Vega Baja y el Boix Vinalop\u00f3. 2013<br \/>\n<strong>\u2013 ANTONIO ZAMORA. Trompa<br \/>\n<\/strong>\u00a0 2\u00ba Premio. IV Concurso Interpretes Rotgl\u00e1 i Corber\u00e1<br \/>\n<strong>\u2013 VICENTE CASCALES. Tromb\u00f3n<\/strong><br \/>\n3\u00ba Premio. Certamen Comarcal de Interpretaci\u00f3n Vega Baja Baix Vinalop\u00f3<br \/>\n<strong>\u2013 ALFONSO CANT\u00d3. Trompeta<\/strong><br \/>\n2\u00ba Premio. Certamen Comarcal de Interpretaci\u00f3n Vega Baja Baix Vinalop\u00f3<br \/>\n<strong>\u2013 ESTIBALIZ COLLADO. Trompeta<\/strong><br \/>\n3\u00ba Premio. Certamen Comarcal de Interpretaci\u00f3n Vega Baja Baix Vinalop\u00f3<br \/>\n<strong>\u2013 \u00c1LVARO GONZALEZ. Tuba<\/strong><br \/>\n3\u00ba Premio. Certamen Comarcal de Interpretaci\u00f3n Vega Baja Baix Vinalop\u00f3<br \/>\n<strong>\u2013 JOS\u00c9 A. MARCO ALMIRA. Tromb\u00f3n Bajo<\/strong><br \/>\n2\u00ba Premio. Certamen Comarcal de Interpretaci\u00f3n Vega Baja Baix Vinalop\u00f3<br \/>\n<strong>\u2013 ROSARIO MENARGUES. Trompa<\/strong><br \/>\n2\u00ba Premio. X Certamen Comarcal de Interpretaci\u00f3n Musical Vega Baja \u2013 Bajo Vinalop\u00f3.<br \/>\n<strong>\u2013 JOSE M\u00aa. GONZALEZ. Tromb\u00f3n<\/strong><br \/>\n3\u00ba Premio. X Certamen Comarcal de Interpretaci\u00f3n Musical Vega Baja \u2013 Bajo Vinalop\u00f3.<br \/>\n<strong>\u2013 SERGIO GARRIDO, Bombardino<\/strong><br \/>\n1\u00ba Premio. XV\u00a0Concurso Nacional de J\u00f3venes Int\u00e9rpretes\u00a0\u201cCiutat de X\u00e0tiva\u201d (Valencia).<br \/>\n<strong>\u2013 FERNANDO PEREZ CEREZUELA. Trompeta<\/strong><br \/>\n1\u00ba Premio. Concurso de J\u00f3venes Interpretes Vega Baja i Vinalop\u00f3.<br \/>\n<strong>\u2013 PEDRO MESEGUER MAGA\u00d1A. Trompa<\/strong><br \/>\n2\u00ba Premio. XV EDICI\u00d3N CONCURSO \u201cENTRE CUERDAS Y METALES Concurso de<br \/>\nM\u00fasica Cl\u00e1sica para J\u00f3venes Int\u00e9rpretes de la Regi\u00f3n de Murcia.<br \/>\n<strong>\u2013 JOAQU\u00cdN ANDREU VICENTE. Tromb\u00f3n<\/strong><br \/>\n1\u00ba Premio. \u2028XIII Certamen Comarcal de Interpretaci\u00f3n Musical Vega Baja \u2013 Baix Vinalop\u00f3<br \/>\n<strong>\u2013 VICENTE CASCALES. Tromb\u00f3n<\/strong><br \/>\n2\u00ba Premio. <em>\u2028<\/em>XIII Certamen Comarcal de Interpretaci\u00f3n Musical Vega Baja \u2013 Baix Vinalop\u00f3<br \/>\n<strong>\u2013 ANTONIO ZAMORA. Trompa<\/strong><br \/>\n2\u00ba Premio. <em>\u2028<\/em>XIII Certamen Comarcal de Interpretaci\u00f3n Musical Vega Baja \u2013 Baix Vinalop\u00f3<br \/>\n<strong>\u2013 SERGIO GARRIDO BLASCO\u00a0<\/strong>, estudiante de bombardino de la Brass Academy<br \/>\nAlicante ,\u00a0gana el primer premio de la modalidad A en el\u00a0\u00a0XV\u00a0Concurso Nacional de<br \/>\nJ\u00f3venes Int\u00e9rpretes\u00a0\u201cCiutat de X\u00e0tiva\u201d (Valencia).<\/p>","protected":false},"excerpt":{"rendered":"<p>\u2013 ANTONIO ZAMORA. Trompa 1\u00ba Premio. III Concurso Internacional Vicenta Zarzo en Valencia. 2015. \u2013 DANIEL CLIMENT. Bombardino 1\u00ba Premio. IV Concurso Nacional de Tuba y Bombardino de Villajoyosa. 2015. \u2013 MALAGA BRASS QUINTET \u2013 Quinteto metales 2\u00ba premio \u201c III Concurso nacional de m\u00fasica de c\u00e1mara ciudad de la Vall d\u2019Uix\u00f3 \u2013 ALFONSO CANT\u00d3. [&hellip;]<\/p>\n","protected":false},"author":3,"featured_media":0,"parent":3453,"menu_order":3,"comment_status":"open","ping_status":"closed","template":"","meta":{"footnotes":""},"class_list":["post-3474","page","type-page","status-publish","hentry"],"_links":{"self":[{"href":"https:\/\/www.brassacademy.com\/en\/wp-json\/wp\/v2\/pages\/3474"}],"collection":[{"href":"https:\/\/www.brassacademy.com\/en\/wp-json\/wp\/v2\/pages"}],"about":[{"href":"https:\/\/www.brassacademy.com\/en\/wp-json\/wp\/v2\/types\/page"}],"author":[{"embeddable":true,"href":"https:\/\/www.brassacademy.com\/en\/wp-json\/wp\/v2\/users\/3"}],"replies":[{"embeddable":true,"href":"https:\/\/www.brassacademy.com\/en\/wp-json\/wp\/v2\/comments?post=3474"}],"version-history":[{"count":0,"href":"https:\/\/www.brassacademy.com\/en\/wp-json\/wp\/v2\/pages\/3474\/revisions"}],"up":[{"embeddable":true,"href":"https:\/\/www.brassacademy.com\/en\/wp-json\/wp\/v2\/pages\/3453"}],"wp:attachment":[{"href":"https:\/\/www.brassacademy.com\/en\/wp-json\/wp\/v2\/media?parent=3474"}],"curies":[{"name":"wp","href":"https:\/\/api.w.org\/{rel}","templated":true}]}}