{"id":3477,"date":"2015-03-26T23:41:20","date_gmt":"2015-03-26T22:41:20","guid":{"rendered":"http:\/\/brassacademy.com\/?page_id=3477"},"modified":"2023-01-22T17:23:06","modified_gmt":"2023-01-22T15:23:06","slug":"orquestas-jovenes","status":"publish","type":"page","link":"https:\/\/www.brassacademy.com\/en\/la-academia\/exitos-alumnos\/orquestas-jovenes\/","title":{"rendered":"Orquestas j\u00f3venes"},"content":{"rendered":"<p><strong><span style=\"text-decoration: underline;\">STUDENTS MEMBERS OF YOUTH ORCHESTRAS <\/span><\/strong><\/p>\n<p><span style=\"color: #ff0000;\"><strong>GUSTAV MAHLER JUGENDORCHESTER<\/strong><\/span><strong><br \/>\n<\/strong>JAVIER CANTOS (trompeta)<br \/>\nALFONSO CANT\u00d3 (trompeta)<br \/>\nDAVID S\u00c1NCHEZ (trompa)<br \/>\nJOS\u00c9 MANUEL ESCOBAR ( trompeta)<br \/>\nACHILLE FAIT ( trompa)<br \/>\nPEDRO PIQUERAS ( trompa)<\/p>\n<p><strong><span style=\"color: #ff0000;\">EUYO\u00a0<\/span><\/strong><br \/>\nDAVID PEREZ ( trompeta)<br \/>\nJAVIER LASARTE ( trompeta)<br \/>\nACHILLE FAIT ( trompa)<\/p>\n<p><strong><span style=\"color: #ff0000;\">PACIFIC FESTIVAL ORCHESTRA\u00a0<\/span><\/strong><br \/>\nJOAQUIN EUSTACHIO<br \/>\nPEDRO PIQUERAS ( trompa)<\/p>\n<p><span style=\"color: #ff0000;\"><strong>CONCERTGEBOUWORKEST YOUNG<\/strong><br \/>\n<\/span>( 14 a 17 a\u00f1os)<br \/>\nRicardo Rodrigo Sch\u00fcrmanns<\/p>\n<p><span style=\"color: #ff0000;\"><strong>SCHLESWIG HOLSTEIN MUSIK FESTIVAL<\/strong><\/span><strong><br \/>\n<\/strong>ALFONSO CANT\u00d3 (trompeta)<br \/>\nDAVID ALCARAZ (trompeta)<br \/>\nMARCOS GARRIDO (trompa)<br \/>\nDIEGO CARRILLO (trompa)<br \/>\nJUAN GONZALEZ (tromb\u00f3n)<br \/>\nMARC S\u00c1NCHEZ (tromb\u00f3n)<br \/>\nJAVIER CANTOS (trompeta)<br \/>\nRUB\u00c9N SIM\u00d3 (trompeta)<br \/>\nPABLO ZAPATER ( trompa)<\/p>\n<p><strong><span style=\"color: #ff0000;\">JONDE &#8211; Joven Orquesta\u00a0Nacional de Espa\u00f1a<\/span><br \/>\n<\/strong>JOS\u00c9 ESTEBAN RUBIO (trompeta)<br \/>\nJUAN GONZALEZ (tromb\u00f3n)<br \/>\nASENSIO ARGILER ( Tromb\u00f3n)<br \/>\nDAVID ALCARAZ (trompeta)<br \/>\nANTONIO VERA ESCRIBANO ( Trompeta)<\/p>\n<p><span style=\"color: #ff0000;\"><strong>VERBIER JUGENDORCHESTER\u00a0<\/strong><\/span><br \/>\nANTONIO ZAMORA ( trompa )<br \/>\nCARLOS GARRE ( trompa)<\/p>\n<p><strong><span style=\"color: #ff0000;\">YOA Orchestra of the\u00a0Americas<\/span><br \/>\n<\/strong>JOAQUIN EUSTACHIO (trompeta)<\/p>\n<p><strong><span style=\"color: #ff0000;\">World Orchestra<\/span><br \/>\n<\/strong>IVAN TORTOSO LLOPIS (tromb\u00f3n)<\/p>\n<p><strong><span style=\"color: #ff0000;\">Joven Orquesta Comunidad Aut\u00f3noma de Madrid<\/span><br \/>\n<\/strong>JOSE MANUEL MADERA (trompeta)<br \/>\nLOURDES PANADERO (trompa)<br \/>\nRICARDO OLIVER (trompa)<br \/>\nALBERTO LE\u00d3N (tromb\u00f3n)<br \/>\nJOSE MARCO ALMIRA (tromb\u00f3n bajo)<\/p>\n<p><strong><span style=\"color: #ff0000;\">Orquesta Filarm\u00f3nica Universidad de Alicante ( OFUA)<\/span><br \/>\n<\/strong>ALBERTO GARCIA IZQUIERDO ( trompa)<br \/>\nXIMO VICEDO ( Trompa)<br \/>\nPABLO ZAPATER (trompa)<br \/>\nALICIA HERNANDEZ (trompa)<br \/>\nJOAQUIN EUSTACHIO (trompeta)<br \/>\nADRIAN BENEYTO (trompeta)<br \/>\nGABRIEL TRIPIANA ( trompeta)<br \/>\nJOAQUIN ANDREU VICENTE ( tromb\u00f3n)<br \/>\nCARLOS PARRES ( Trombon bajo)<br \/>\nASENSIO ARGILER ( Tromb\u00f3n)<br \/>\nGUSTAVO IBACACHE ( Trompa )<br \/>\nVICTOR ANAYA ( Trompa )<br \/>\nALEJANDRO GRAU ( Trompa )<br \/>\nPEDRO JAVIER TENDERO ( Trompa)<br \/>\nMANUEL LATORRE ( Trompeta )<br \/>\nVICENTE CASCALES MOGICA ( Trombon)<br \/>\nJUAN GONZALEZ MARTINEZ ( Tromb\u00f3n )<br \/>\nPASCUAL FLORES NAVARRO ( Trombon)<br \/>\nJOSE MARCO ALMIRA ( Tromb\u00f3n Bajo)<br \/>\nERNESTO HERRERA DEL RIO ( trompa)<\/p>\n<p><strong><span style=\"color: #ff0000;\">Orquesta Joven de Extremadura<\/span><br \/>\n<\/strong>ANA HOLGUERA RAMOS ( trompa)<\/p>\n<p><strong><span style=\"color: #ff0000;\">Orquesta West Eastern Divan Orchestra<\/span><br \/>\n<\/strong>JOSEP OLCINA ( trompeta )<\/p>\n<p><strong><span style=\"color: #ff0000;\">Orquesta Joven de Murcia<\/span><br \/>\n<\/strong>DIEGO CARRILLO (trompa)<br \/>\nFRANCISCO MENCH\u00d3N ( Trompeta)<br \/>\nELVIRA SANCHEZ ( trompa)<br \/>\nPEDRO MESEGUER ( trompa)<br \/>\nALMA GARCIA GIL ( trompa)<br \/>\nCECILIA SANCHEZ ( trompa)<\/p>\n<p><strong><span style=\"color: #ff0000;\">OJPA<\/span><br \/>\n<\/strong>PABLO ZAPATER ( Trompa)<br \/>\nJULIA COLL ( Trompa)<br \/>\nMANUEL LATORRE ( Trompeta )<\/p>\n<p><strong><span style=\"color: #ff0000;\">JORCAM<\/span> <\/strong><br \/>\nAntonio Zamora ( trompa)<br \/>\nLourdes Panadero ( trompa)<br \/>\nMarcos Garrido ( trompa)<\/p>\n<p><span style=\"color: #ff0000;\"><strong>JOSCAN\u00a0<\/strong><\/span><br \/>\nMANUEL LATORRE ( Trompeta)<br \/>\nJOAQUIN EUSTACHIO ( trompeta )<br \/>\nADRIAN BENEYTO ( Trompeta)<br \/>\nPABLO ZAPATER ( Trompa)<br \/>\nREBECA CLIMENT ( Trompa)<br \/>\nANTONIO LASHERAS ( trompa)<br \/>\nJOAQUIN ANDREU VICENTE ( Trombon)<\/p>","protected":false},"excerpt":{"rendered":"<p>STUDENTS MEMBERS OF YOUTH ORCHESTRAS GUSTAV MAHLER JUGENDORCHESTER JAVIER CANTOS (trompeta) ALFONSO CANT\u00d3 (trompeta) DAVID S\u00c1NCHEZ (trompa) JOS\u00c9 MANUEL ESCOBAR ( trompeta) ACHILLE FAIT ( trompa) PEDRO PIQUERAS ( trompa) EUYO\u00a0 DAVID PEREZ ( trompeta) JAVIER LASARTE ( trompeta) ACHILLE FAIT ( trompa) PACIFIC FESTIVAL ORCHESTRA\u00a0 JOAQUIN EUSTACHIO PEDRO PIQUERAS ( trompa) CONCERTGEBOUWORKEST YOUNG ( [&hellip;]<\/p>\n","protected":false},"author":3,"featured_media":0,"parent":3453,"menu_order":2,"comment_status":"open","ping_status":"closed","template":"","meta":{"footnotes":""},"class_list":["post-3477","page","type-page","status-publish","hentry"],"_links":{"self":[{"href":"https:\/\/www.brassacademy.com\/en\/wp-json\/wp\/v2\/pages\/3477"}],"collection":[{"href":"https:\/\/www.brassacademy.com\/en\/wp-json\/wp\/v2\/pages"}],"about":[{"href":"https:\/\/www.brassacademy.com\/en\/wp-json\/wp\/v2\/types\/page"}],"author":[{"embeddable":true,"href":"https:\/\/www.brassacademy.com\/en\/wp-json\/wp\/v2\/users\/3"}],"replies":[{"embeddable":true,"href":"https:\/\/www.brassacademy.com\/en\/wp-json\/wp\/v2\/comments?post=3477"}],"version-history":[{"count":12,"href":"https:\/\/www.brassacademy.com\/en\/wp-json\/wp\/v2\/pages\/3477\/revisions"}],"predecessor-version":[{"id":8993,"href":"https:\/\/www.brassacademy.com\/en\/wp-json\/wp\/v2\/pages\/3477\/revisions\/8993"}],"up":[{"embeddable":true,"href":"https:\/\/www.brassacademy.com\/en\/wp-json\/wp\/v2\/pages\/3453"}],"wp:attachment":[{"href":"https:\/\/www.brassacademy.com\/en\/wp-json\/wp\/v2\/media?parent=3477"}],"curies":[{"name":"wp","href":"https:\/\/api.w.org\/{rel}","templated":true}]}}