{"id":3773,"date":"2015-11-02T20:47:17","date_gmt":"2015-11-02T19:47:17","guid":{"rendered":"http:\/\/brassacademy.com\/?page_id=3773"},"modified":"2025-10-13T11:26:43","modified_gmt":"2025-10-13T09:26:43","slug":"estudiantes-becarios-2024-2025","status":"publish","type":"page","link":"https:\/\/www.brassacademy.com\/en\/la-academia\/estudiantes-becarios-2024-2025\/","title":{"rendered":"Estudiantes curso 2025-2026"},"content":{"rendered":"<div class=\"wpb-content-wrapper\"><p>[vc_row][vc_column][vc_column_text css=&#8221;&#8221;]<\/p>\n<p style=\"text-align: center;\"><span style=\"color: #ff0000;\"><strong><em>We introduce our Full Study Program students for the 2025-2026 academic year.<\/em><\/strong><\/span><\/p>\n<p>[\/vc_column_text][\/vc_column][\/vc_row][vc_row][vc_column width=&#8221;1\/3&#8243;][vc_single_image image=&#8221;7860&#8243; img_size=&#8221;medium&#8221; style=&#8221;vc_box_rounded&#8221;][vc_column_text css=&#8221;&#8221;]<strong><span style=\"color: #ffcc00;\">TROMPETA \u2013 TRUMPET<\/span><\/strong><\/p>\n<div class=\"wpb_text_column wpb_content_element\">\n<div class=\"wpb_wrapper\">\n<p>&nbsp;<\/p>\n<ul>\n<li data-start=\"145\" data-end=\"184\">\n<p data-start=\"147\" data-end=\"184\"><strong data-start=\"147\" data-end=\"174\">Adri\u00e1n Alarc\u00f3n Mart\u00ednez<\/strong> \/ Spain<\/p>\n<\/li>\n<li data-start=\"185\" data-end=\"224\">\n<p data-start=\"187\" data-end=\"224\"><strong data-start=\"187\" data-end=\"214\">Adri\u00e1n Villar Caballero<\/strong> \/ Spain<\/p>\n<\/li>\n<li data-start=\"225\" data-end=\"254\">\n<p data-start=\"227\" data-end=\"254\"><strong data-start=\"227\" data-end=\"244\">Aleex Monesma<\/strong> \/ Spain<\/p>\n<\/li>\n<li data-start=\"255\" data-end=\"289\">\n<p data-start=\"257\" data-end=\"289\"><strong data-start=\"257\" data-end=\"279\">\u00c1lvaro Fenoll Mula<\/strong> \/ Spain<\/p>\n<\/li>\n<li data-start=\"290\" data-end=\"326\">\n<p data-start=\"292\" data-end=\"326\"><strong data-start=\"292\" data-end=\"316\">\u00c1ngel Castell\u00f3 Cant\u00f3<\/strong> \/ Spain<\/p>\n<\/li>\n<li data-start=\"327\" data-end=\"364\">\n<p data-start=\"329\" data-end=\"364\"><strong data-start=\"329\" data-end=\"354\">Antonio Gil Rodr\u00edguez<\/strong> \/ Spain<\/p>\n<\/li>\n<li data-start=\"365\" data-end=\"402\">\n<p data-start=\"367\" data-end=\"402\"><strong data-start=\"367\" data-end=\"392\">C\u00e9sar P\u00e9rez Izquierdo<\/strong> \/ Spain<\/p>\n<\/li>\n<li data-start=\"403\" data-end=\"445\">\n<p data-start=\"405\" data-end=\"445\"><strong data-start=\"405\" data-end=\"435\">David S\u00e1ez-Benito Cauvilla<\/strong> \/ Spain<\/p>\n<\/li>\n<li data-start=\"446\" data-end=\"480\">\n<p data-start=\"448\" data-end=\"480\"><strong data-start=\"448\" data-end=\"470\">Gin\u00e9s Rold\u00e1n Bueno<\/strong> \/ Spain<\/p>\n<\/li>\n<li data-start=\"481\" data-end=\"522\">\n<p data-start=\"483\" data-end=\"522\"><strong data-start=\"483\" data-end=\"512\">Jos\u00e9 Miguel Escu\u00edn Medina<\/strong> \/ Spain<\/p>\n<\/li>\n<li data-start=\"523\" data-end=\"565\">\n<p data-start=\"525\" data-end=\"565\"><strong data-start=\"525\" data-end=\"557\">Julius Samuel Stein-Supanich<\/strong> \/ USA<\/p>\n<\/li>\n<li data-start=\"566\" data-end=\"602\">\n<p data-start=\"568\" data-end=\"602\"><strong data-start=\"568\" data-end=\"592\">Luc\u00eda Casanueva Sala<\/strong> \/ Spain<\/p>\n<\/li>\n<li data-start=\"603\" data-end=\"636\">\n<p data-start=\"605\" data-end=\"636\"><strong data-start=\"605\" data-end=\"626\">Luc\u00eda Le\u00f3n Rufete<\/strong> \/ Spain<\/p>\n<\/li>\n<li data-start=\"637\" data-end=\"671\">\n<p data-start=\"639\" data-end=\"671\"><strong data-start=\"639\" data-end=\"661\">Manel P\u00e9rez Ripoll<\/strong> \/ Spain<\/p>\n<\/li>\n<li data-start=\"672\" data-end=\"713\">\n<p data-start=\"674\" data-end=\"713\"><strong data-start=\"674\" data-end=\"703\">Marcos Cifuentes Mart\u00ednez<\/strong> \/ Spain<\/p>\n<\/li>\n<li data-start=\"714\" data-end=\"747\">\n<p data-start=\"716\" data-end=\"747\"><strong data-start=\"716\" data-end=\"737\">Olga Juan Morales<\/strong> \/ Spain<\/p>\n<\/li>\n<li data-start=\"748\" data-end=\"786\">\n<p data-start=\"750\" data-end=\"786\"><strong data-start=\"750\" data-end=\"776\">Oscar Arturo Pe\u00f1a Daza<\/strong> \/ Chile<\/p>\n<\/li>\n<li data-start=\"787\" data-end=\"824\">\n<p data-start=\"789\" data-end=\"824\"><strong data-start=\"789\" data-end=\"814\">Pablo S\u00e1nchez S\u00e1nchez<\/strong> \/ Spain<\/p>\n<\/li>\n<li data-start=\"825\" data-end=\"866\">\n<p data-start=\"827\" data-end=\"866\"><strong data-start=\"827\" data-end=\"856\">Raimundo Varela Fern\u00e1ndez<\/strong> \/ Spain<\/p>\n<\/li>\n<li data-start=\"867\" data-end=\"905\">\n<p data-start=\"869\" data-end=\"905\"><strong data-start=\"869\" data-end=\"895\">Miquel Puchalt Montoro<\/strong> \/ Spain<\/p>\n<\/li>\n<li data-start=\"906\" data-end=\"934\">\n<p data-start=\"908\" data-end=\"934\"><strong data-start=\"908\" data-end=\"924\">Nacho Civera<\/strong> \/ Spain<\/p>\n<\/li>\n<li data-start=\"935\" data-end=\"976\">\n<p data-start=\"937\" data-end=\"976\"><strong data-start=\"937\" data-end=\"966\">Eric Martin Serrano Fusta<\/strong> \/ Spain<\/p>\n<\/li>\n<li data-start=\"977\" data-end=\"1016\">\n<p data-start=\"979\" data-end=\"1016\"><strong data-start=\"979\" data-end=\"1006\">Ram\u00f3n C\u00e9spedes Ballesta<\/strong> \/ Spain<\/p>\n<\/li>\n<\/ul>\n<\/div>\n<\/div>\n<p>[\/vc_column_text][vc_empty_space][\/vc_column][vc_column width=&#8221;1\/3&#8243;][vc_single_image image=&#8221;7859&#8243; img_size=&#8221;medium&#8221; style=&#8221;vc_box_rounded&#8221;][vc_column_text css=&#8221;&#8221;]<strong><em><span style=\"color: #ffcc00;\">TROMPA \u2013 HORN<\/span><br \/>\n<\/em><\/strong><em><strong><br \/>\n<\/strong><\/em><\/p>\n<ul>\n<li data-start=\"843\" data-end=\"877\">\n<p data-start=\"845\" data-end=\"877\"><strong data-start=\"845\" data-end=\"867\">Ana Bel\u00e9n Gonz\u00e1lez<\/strong> \/ Spain<\/p>\n<\/li>\n<li data-start=\"878\" data-end=\"901\">\n<p data-start=\"880\" data-end=\"901\"><strong data-start=\"880\" data-end=\"894\">Cora Heyes<\/strong> \/ UK<\/p>\n<\/li>\n<li data-start=\"902\" data-end=\"945\">\n<p data-start=\"904\" data-end=\"945\"><strong data-start=\"904\" data-end=\"932\">Daniel Rodr\u00edguez Ram\u00edrez<\/strong> \/ Colombia<\/p>\n<\/li>\n<li data-start=\"946\" data-end=\"985\">\n<p data-start=\"948\" data-end=\"985\"><strong data-start=\"948\" data-end=\"972\">Juan Diego Bobadilla<\/strong> \/ Colombia<\/p>\n<\/li>\n<li data-start=\"986\" data-end=\"1029\">\n<p data-start=\"988\" data-end=\"1029\"><strong data-start=\"988\" data-end=\"1016\">Laura Sof\u00eda Garc\u00eda G\u00f3mez<\/strong> \/ Colombia<\/p>\n<\/li>\n<li data-start=\"1030\" data-end=\"1074\">\n<p data-start=\"1032\" data-end=\"1074\"><strong data-start=\"1032\" data-end=\"1065\">L\u00eda Marina Betancourt Herrera<\/strong> \/ Cuba<\/p>\n<\/li>\n<li data-start=\"1075\" data-end=\"1123\">\n<p data-start=\"1077\" data-end=\"1123\"><strong data-start=\"1077\" data-end=\"1107\">Maricarmen Silva Caballero<\/strong> \/ Panama City<\/p>\n<\/li>\n<li data-start=\"1124\" data-end=\"1163\">\n<p data-start=\"1126\" data-end=\"1163\"><strong data-start=\"1126\" data-end=\"1152\">Melissa Angeles Torres<\/strong> \/ Mexico<\/p>\n<\/li>\n<li data-start=\"1164\" data-end=\"1205\">\n<p data-start=\"1166\" data-end=\"1205\"><strong data-start=\"1166\" data-end=\"1194\">Meritxell Cobos Carrillo<\/strong> \/ Mexico<\/p>\n<\/li>\n<li data-start=\"1206\" data-end=\"1243\">\n<p data-start=\"1208\" data-end=\"1243\"><strong data-start=\"1208\" data-end=\"1229\">Ornella Tallarita<\/strong> \/ Argentina<\/p>\n<\/li>\n<li data-start=\"1244\" data-end=\"1280\">\n<p data-start=\"1246\" data-end=\"1280\"><strong data-start=\"1246\" data-end=\"1270\">Pau Gonz\u00e1lez Aguilar<\/strong> \/ Spain<\/p>\n<\/li>\n<li data-start=\"1281\" data-end=\"1319\">\n<p data-start=\"1283\" data-end=\"1319\"><strong data-start=\"1283\" data-end=\"1309\">Paula Hern\u00e1ndez Garc\u00eda<\/strong> \/ Spain<\/p>\n<\/li>\n<li data-start=\"1320\" data-end=\"1350\">\n<p data-start=\"1322\" data-end=\"1350\"><strong data-start=\"1322\" data-end=\"1339\">Rafael Xavier<\/strong> \/ Brazil<\/p>\n<\/li>\n<li data-start=\"1351\" data-end=\"1385\">\n<p data-start=\"1353\" data-end=\"1385\"><strong data-start=\"1353\" data-end=\"1375\">Rub\u00e9n Medina Plaza<\/strong> \/ Spain<\/p>\n<\/li>\n<li data-start=\"1386\" data-end=\"1423\">\n<p data-start=\"1388\" data-end=\"1423\"><strong data-start=\"1388\" data-end=\"1413\">Sergio Velasco Llorca<\/strong> \/ Spain<\/p>\n<\/li>\n<li data-start=\"1424\" data-end=\"1456\">\n<p data-start=\"1426\" data-end=\"1456\"><strong data-start=\"1426\" data-end=\"1444\">Sunita Schultz<\/strong> \/ Germany<\/p>\n<\/li>\n<li data-start=\"1457\" data-end=\"1486\">\n<p data-start=\"1459\" data-end=\"1486\"><strong data-start=\"1459\" data-end=\"1476\">Luca Sirocchi<\/strong> \/ Italy<\/p>\n<\/li>\n<\/ul>\n<p>[\/vc_column_text][\/vc_column][vc_column width=&#8221;1\/3&#8243;][vc_single_image image=&#8221;8606&#8243; img_size=&#8221;medium&#8221;][vc_column_text css=&#8221;&#8221;]<span style=\"color: #ffcc00;\"><strong>TROMBONES<\/strong><\/span><\/p>\n<p>&nbsp;<\/p>\n<ul>\n<li data-start=\"438\" data-end=\"479\">\n<p data-start=\"440\" data-end=\"479\"><strong data-start=\"440\" data-end=\"469\">Miguel \u00c1ngel Vidal Garc\u00eda<\/strong> \/ Spain<\/p>\n<\/li>\n<li data-start=\"480\" data-end=\"515\">\n<p data-start=\"482\" data-end=\"515\"><strong data-start=\"482\" data-end=\"505\">Pablo Morote Ortega<\/strong> \/ Spain<\/p>\n<\/li>\n<li data-start=\"516\" data-end=\"556\">\n<p data-start=\"518\" data-end=\"556\"><strong data-start=\"518\" data-end=\"547\">Hans Henry Serrano Huaman<\/strong> \/ Peru<\/p>\n<\/li>\n<li data-start=\"557\" data-end=\"595\">\n<p data-start=\"559\" data-end=\"595\"><strong data-start=\"559\" data-end=\"585\">\u00c1ngel Espinosa Pascual<\/strong> \/ Spain<\/p>\n<\/li>\n<li data-start=\"596\" data-end=\"644\">\n<p data-start=\"598\" data-end=\"644\"><strong data-start=\"598\" data-end=\"616\">Pablo Maluenda<\/strong> \/ Half enrollment \/ Spain<\/p>\n<\/li>\n<li data-start=\"645\" data-end=\"685\">\n<p data-start=\"647\" data-end=\"685\"><strong data-start=\"647\" data-end=\"675\">Ana Mar\u00eda Molina Malonda<\/strong> \/ Spain<\/p>\n<\/li>\n<\/ul>\n<p>[\/vc_column_text][\/vc_column][\/vc_row][vc_row][vc_column width=&#8221;1\/3&#8243;][vc_single_image image=&#8221;8923&#8243; img_size=&#8221;medium&#8221; style=&#8221;vc_box_rounded&#8221;][\/vc_column][vc_column width=&#8221;1\/3&#8243;][vc_single_image image=&#8221;8924&#8243; img_size=&#8221;medium&#8221; style=&#8221;vc_box_rounded&#8221;][\/vc_column][vc_column width=&#8221;1\/3&#8243;][vc_single_image image=&#8221;8925&#8243; img_size=&#8221;medium&#8221; style=&#8221;vc_box_rounded&#8221;][\/vc_column][\/vc_row]<\/p>\n<\/div>","protected":false},"excerpt":{"rendered":"<p>[vc_row][vc_column][vc_column_text css=&#8221;&#8221;] We introduce our Full Study Program students for the 2025-2026 academic year. [\/vc_column_text][\/vc_column][\/vc_row][vc_row][vc_column width=&#8221;1\/3&#8243;][vc_single_image image=&#8221;7860&#8243; img_size=&#8221;medium&#8221; style=&#8221;vc_box_rounded&#8221;][vc_column_text css=&#8221;&#8221;]TROMPETA \u2013 TRUMPET &nbsp; Adri\u00e1n Alarc\u00f3n Mart\u00ednez \/ Spain Adri\u00e1n Villar Caballero \/ Spain Aleex Monesma \/ Spain \u00c1lvaro Fenoll Mula \/ Spain \u00c1ngel Castell\u00f3 Cant\u00f3 \/ Spain Antonio Gil Rodr\u00edguez \/ Spain C\u00e9sar P\u00e9rez Izquierdo [&hellip;]<\/p>\n","protected":false},"author":3,"featured_media":0,"parent":2750,"menu_order":10,"comment_status":"open","ping_status":"closed","template":"","meta":{"footnotes":""},"class_list":["post-3773","page","type-page","status-publish","hentry"],"_links":{"self":[{"href":"https:\/\/www.brassacademy.com\/en\/wp-json\/wp\/v2\/pages\/3773"}],"collection":[{"href":"https:\/\/www.brassacademy.com\/en\/wp-json\/wp\/v2\/pages"}],"about":[{"href":"https:\/\/www.brassacademy.com\/en\/wp-json\/wp\/v2\/types\/page"}],"author":[{"embeddable":true,"href":"https:\/\/www.brassacademy.com\/en\/wp-json\/wp\/v2\/users\/3"}],"replies":[{"embeddable":true,"href":"https:\/\/www.brassacademy.com\/en\/wp-json\/wp\/v2\/comments?post=3773"}],"version-history":[{"count":74,"href":"https:\/\/www.brassacademy.com\/en\/wp-json\/wp\/v2\/pages\/3773\/revisions"}],"predecessor-version":[{"id":10915,"href":"https:\/\/www.brassacademy.com\/en\/wp-json\/wp\/v2\/pages\/3773\/revisions\/10915"}],"up":[{"embeddable":true,"href":"https:\/\/www.brassacademy.com\/en\/wp-json\/wp\/v2\/pages\/2750"}],"wp:attachment":[{"href":"https:\/\/www.brassacademy.com\/en\/wp-json\/wp\/v2\/media?parent=3773"}],"curies":[{"name":"wp","href":"https:\/\/api.w.org\/{rel}","templated":true}]}}