{"id":5327,"date":"2017-10-05T10:00:47","date_gmt":"2017-10-05T08:00:47","guid":{"rendered":"https:\/\/www.brassacademy.com\/?page_id=5327"},"modified":"2019-09-08T23:08:40","modified_gmt":"2019-09-08T21:08:40","slug":"jose-garcia-gutierrez","status":"publish","type":"page","link":"https:\/\/www.brassacademy.com\/en\/profesores\/trompa\/jose-garcia-gutierrez\/","title":{"rendered":"Jos\u00e9 Garc\u00eda Gutierrez"},"content":{"rendered":"<figure class=\"wp-block-image\"><img decoding=\"async\" width=\"243\" height=\"390\" src=\"https:\/\/www.brassacademy.com\/wp-content\/uploads\/2019\/02\/pepe-garcia-.jpg\" alt=\"\" class=\"wp-image-6737\" srcset=\"https:\/\/www.brassacademy.com\/wp-content\/uploads\/2019\/02\/pepe-garcia--12x20.jpg 12w, https:\/\/www.brassacademy.com\/wp-content\/uploads\/2019\/02\/pepe-garcia--187x300.jpg 187w, https:\/\/www.brassacademy.com\/wp-content\/uploads\/2019\/02\/pepe-garcia--200x321.jpg 200w, https:\/\/www.brassacademy.com\/wp-content\/uploads\/2019\/02\/pepe-garcia-.jpg 243w\" sizes=\"(max-width: 243px) 100vw, 243px\" \/><\/figure>\r\n\r\n\r\n\r\n<p><em>Natural de Rafal (Alicante), inici\u00f3 sus estudios musicales con su padre Gabriel Garc\u00eda Mart\u00ednez, termin\u00e1ndolos m\u00e1s tarde en el Conservatorio Superior de M\u00fasica de Murcia.<\/em><br><em>En el a\u00f1o 1998 complet\u00f3 su postgraduado en el\u00a0<strong>Sweelinck Conservatorium de Amsterdam<\/strong>\u00a0con D. Vicente Zarzo Pitarch, qui\u00e9n ha sido un referente tromp\u00edstico en toda su carrera. En el mismo a\u00f1o obtuvo el Primer Premio en el Concurso Nacional de Trompa \u201cVilla de Benaguacil\u201d( Valencia).<\/em><\/p>\r\n\r\n\r\n\r\n<p><em>Ha recibido clases de profesores del panorama internacional , destacando a Nury Guarnaschelli, Rudolf Korp, Jose Zarzo, Andr\u00e8 Casalet , Radovan Vlatkovic, Dale Clevenger, y Jeff Bryant .<\/em><\/p>\r\n\r\n\r\n\r\n<p><em>En su labor docente destaca por numerosos cursos impartidos , como en la Brass Academy &nbsp;Alicante , Escuela de M\u00fasica de Montesinos (Alicante), Conservatorio Profesional de Torrevieja (Alicante), Escuela Presjovem de Lucena (C\u00f3rdoba), Orquesta Joven de Extremadura , Orquesta Joven de Malta, Conservatorio Profesional de Almord\u00ed (Alicante), Escuela Nacional de M\u00fasica de Malta y muchos m\u00e1s .<\/em><\/p>\r\n\r\n\r\n\r\n<p><em>Ha formado parte de muchas orquestas , desde las j\u00f3venes como Orchestre des Jeunes de la Mediterran\u00e8e y Gustav Mahler Jugendorchester, y orquestas profesionales como la Real Orquesta Sinf\u00f3nica de Sevilla, Orquesta Sinf\u00f3nica de Galicia, siendo trompa solista en la Orquesta Filarm\u00f3nica de Gran Canaria, Orquesta Sinf\u00f3nica de Navarra y Orquesta de Extremadura. Ha trabajado con directores de la talla de Seiji Ozawa, Pierre Boulez, Valery Gergiev, Kent Nagano, Rostropovich y Simon Rattle. Tambi\u00e9n ha colaborado con varias orquestas del \u00e1mbito nacional e internacional como La Orquesta Sinf\u00f3nica de Bilbao, Ciudad de Granada, Castilla y Le\u00f3n, Radio de Viena y Royal Philharmonic de Londres. Durante 10 a\u00f1os perteneci\u00f3 al \u201cCosmos Wind Emsemble\u201d con el cual realiz\u00f3 giras por Alemania,Holanda, Canad\u00e1, Australia y la grabaci\u00f3n de \u201cPremieres\u201d, con m\u00fasica de compositores Malteses.<\/em><\/p>\r\n\r\n\r\n\r\n<p><em>En el a\u00f1o 2002 realiz\u00f3 la grabaci\u00f3n de un disco de la obra \u201cSoliloquio\u201d para trompa sola y el tr\u00edo para viol\u00edn, trompa y piano del compositor malt\u00e9s Joseph Vella . En el 2011 grab\u00f3 el concierto para trompa y orquesta del compositor ingl\u00e9s Maurice Blower , junto a \u201cEclogue\u201d para trompa y cuerdas del mismo compositor, ambos con la Orquesta Filarm\u00f3nica de Malta .<\/em><\/p>\r\n\r\n\r\n\r\n<p><em><strong>Actualmente es trompa solista de la Orquesta Sinf\u00f3nica de Radiotelevisi\u00f3n Espa\u00f1ola<\/strong>, trompa principal invitado de Malta Philharmonic Orchestra , Orquesta Sinf\u00f3nica de la Regi\u00f3n de Murcia, Festival L\u00edrico de Belle \u00cele en Mer ( Francia) , y coordinador art\u00edstico de la Joven Orquesta de Malta.<\/em><\/p>\r\n\r\n\r\n\r\n<p><em>Desde el 2015 colabora regularmente como trompa solista con&nbsp;<strong>London Symphony Orchestra.<\/strong><\/em><\/p>","protected":false},"excerpt":{"rendered":"<p>Natural de Rafal (Alicante), inici\u00f3 sus estudios musicales con su padre Gabriel Garc\u00eda Mart\u00ednez, termin\u00e1ndolos m\u00e1s tarde en el Conservatorio Superior de M\u00fasica de Murcia.En el a\u00f1o 1998 complet\u00f3 su postgraduado en el\u00a0Sweelinck Conservatorium de Amsterdam\u00a0con D. Vicente Zarzo Pitarch, qui\u00e9n ha sido un referente tromp\u00edstico en toda su carrera. En el mismo a\u00f1o obtuvo [&hellip;]<\/p>\n","protected":false},"author":3,"featured_media":0,"parent":4923,"menu_order":0,"comment_status":"closed","ping_status":"closed","template":"","meta":{"footnotes":""},"class_list":["post-5327","page","type-page","status-publish","hentry"],"_links":{"self":[{"href":"https:\/\/www.brassacademy.com\/en\/wp-json\/wp\/v2\/pages\/5327"}],"collection":[{"href":"https:\/\/www.brassacademy.com\/en\/wp-json\/wp\/v2\/pages"}],"about":[{"href":"https:\/\/www.brassacademy.com\/en\/wp-json\/wp\/v2\/types\/page"}],"author":[{"embeddable":true,"href":"https:\/\/www.brassacademy.com\/en\/wp-json\/wp\/v2\/users\/3"}],"replies":[{"embeddable":true,"href":"https:\/\/www.brassacademy.com\/en\/wp-json\/wp\/v2\/comments?post=5327"}],"version-history":[{"count":0,"href":"https:\/\/www.brassacademy.com\/en\/wp-json\/wp\/v2\/pages\/5327\/revisions"}],"up":[{"embeddable":true,"href":"https:\/\/www.brassacademy.com\/en\/wp-json\/wp\/v2\/pages\/4923"}],"wp:attachment":[{"href":"https:\/\/www.brassacademy.com\/en\/wp-json\/wp\/v2\/media?parent=5327"}],"curies":[{"name":"wp","href":"https:\/\/api.w.org\/{rel}","templated":true}]}}