{"id":8676,"date":"2022-03-14T01:13:27","date_gmt":"2022-03-13T23:13:27","guid":{"rendered":"https:\/\/www.brassacademy.com\/?page_id=8676"},"modified":"2024-08-24T18:43:42","modified_gmt":"2024-08-24T16:43:42","slug":"jorg-bruckner-trompa","status":"publish","type":"page","link":"https:\/\/www.brassacademy.com\/en\/profesores\/trompa\/jorg-bruckner-trompa\/","title":{"rendered":"J\u00f6rg Br\u00fcckner"},"content":{"rendered":"<p><img decoding=\"async\" class=\"alignnone size-medium wp-image-8672\" src=\"https:\/\/www.brassacademy.com\/wp-content\/uploads\/2022\/03\/Bruckner_Jorg_Foto_Guido_Werner-200x300.jpg\" alt=\"\" width=\"200\" height=\"300\" srcset=\"https:\/\/www.brassacademy.com\/wp-content\/uploads\/2022\/03\/Bruckner_Jorg_Foto_Guido_Werner-200x300.jpg 200w, https:\/\/www.brassacademy.com\/wp-content\/uploads\/2022\/03\/Bruckner_Jorg_Foto_Guido_Werner-400x600.jpg 400w, https:\/\/www.brassacademy.com\/wp-content\/uploads\/2022\/03\/Bruckner_Jorg_Foto_Guido_Werner-600x900.jpg 600w, https:\/\/www.brassacademy.com\/wp-content\/uploads\/2022\/03\/Bruckner_Jorg_Foto_Guido_Werner-683x1024.jpg 683w, https:\/\/www.brassacademy.com\/wp-content\/uploads\/2022\/03\/Bruckner_Jorg_Foto_Guido_Werner-768x1152.jpg 768w, https:\/\/www.brassacademy.com\/wp-content\/uploads\/2022\/03\/Bruckner_Jorg_Foto_Guido_Werner-800x1200.jpg 800w, https:\/\/www.brassacademy.com\/wp-content\/uploads\/2022\/03\/Bruckner_Jorg_Foto_Guido_Werner-1024x1536.jpg 1024w, https:\/\/www.brassacademy.com\/wp-content\/uploads\/2022\/03\/Bruckner_Jorg_Foto_Guido_Werner-1200x1800.jpg 1200w, https:\/\/www.brassacademy.com\/wp-content\/uploads\/2022\/03\/Bruckner_Jorg_Foto_Guido_Werner-1365x2048.jpg 1365w, https:\/\/www.brassacademy.com\/wp-content\/uploads\/2022\/03\/Bruckner_Jorg_Foto_Guido_Werner.jpg 1500w\" sizes=\"(max-width: 200px) 100vw, 200px\" \/><\/p>\n<p><strong>Professor J\u00f6rg Br\u00fcckner<\/strong><br \/>\nBorn in Leipzig in 1971<br \/>\n1989-1992 studied at the Hochschule f\u00fcr Musik FRANZ LISZT Weimar with Prof. R. Heimbuch and Prof. K. Biehlig, and with Prof. Hermann M\u00e4rker in Leipzig<br \/>\n1992-1997 3rd horn in the Leipzig Gewandhaus Orchestra under Kurt Masur.<br \/>\n1997-2008 principal horn of the Dresden Philharmonic.<br \/>\n2008-2019 principal horn of the Munich Philharmonic under the chief conductors Christian Thielemann, Lorin Maazel and Valerie Gergiev.<br \/>\nSolo concerts with the Munich Philharmonic, the Dresden Philharmonic, the Leipzig Bach Orchestra and the Dresden Chamber Orchestra.<br \/>\nOrchestra assistants as solo horn player in the orchestras &#8220;Berliner Philharmoniker&#8221;, the Bavarian Radio, the NDR Symphony Orchestra Hamburg, the Orchestra of the Hessian Radio, the Staatskapelle Dresden, the Gewandhaus Orchestra Leipzig, the Orchester National de Paris, Concertgebow Orchestra Amsterdam and the Tonhalle Orchestra Zurich<br \/>\nSince 2006 professor for horn at the University of Music FRANZ LISZT Weimar<\/p>","protected":false},"excerpt":{"rendered":"<p>Professor J\u00f6rg Br\u00fcckner Born in Leipzig in 1971 1989-1992 studied at the Hochschule f\u00fcr Musik FRANZ LISZT Weimar with Prof. R. Heimbuch and Prof. K. Biehlig, and with Prof. Hermann M\u00e4rker in Leipzig 1992-1997 3rd horn in the Leipzig Gewandhaus Orchestra under Kurt Masur. 1997-2008 principal horn of the Dresden Philharmonic. 2008-2019 principal horn of [&hellip;]<\/p>\n","protected":false},"author":3,"featured_media":0,"parent":4923,"menu_order":2,"comment_status":"closed","ping_status":"closed","template":"","meta":{"footnotes":""},"class_list":["post-8676","page","type-page","status-publish","hentry"],"_links":{"self":[{"href":"https:\/\/www.brassacademy.com\/en\/wp-json\/wp\/v2\/pages\/8676"}],"collection":[{"href":"https:\/\/www.brassacademy.com\/en\/wp-json\/wp\/v2\/pages"}],"about":[{"href":"https:\/\/www.brassacademy.com\/en\/wp-json\/wp\/v2\/types\/page"}],"author":[{"embeddable":true,"href":"https:\/\/www.brassacademy.com\/en\/wp-json\/wp\/v2\/users\/3"}],"replies":[{"embeddable":true,"href":"https:\/\/www.brassacademy.com\/en\/wp-json\/wp\/v2\/comments?post=8676"}],"version-history":[{"count":9,"href":"https:\/\/www.brassacademy.com\/en\/wp-json\/wp\/v2\/pages\/8676\/revisions"}],"predecessor-version":[{"id":10344,"href":"https:\/\/www.brassacademy.com\/en\/wp-json\/wp\/v2\/pages\/8676\/revisions\/10344"}],"up":[{"embeddable":true,"href":"https:\/\/www.brassacademy.com\/en\/wp-json\/wp\/v2\/pages\/4923"}],"wp:attachment":[{"href":"https:\/\/www.brassacademy.com\/en\/wp-json\/wp\/v2\/media?parent=8676"}],"curies":[{"name":"wp","href":"https:\/\/api.w.org\/{rel}","templated":true}]}}