{"id":9289,"date":"2023-06-26T13:13:57","date_gmt":"2023-06-26T11:13:57","guid":{"rendered":"https:\/\/www.brassacademy.com\/?page_id=9289"},"modified":"2023-10-13T13:36:08","modified_gmt":"2023-10-13T11:36:08","slug":"eufonio","status":"publish","type":"page","link":"https:\/\/www.brassacademy.com\/en\/eufonio\/","title":{"rendered":"Euphonium"},"content":{"rendered":"<div class=\"wpb-content-wrapper\"><p>[vc_row][vc_column][vc_column_text]<\/p>\n<h1 style=\"text-align: center;\">Miguel Victorio Molina<\/h1>\n<p>[\/vc_column_text][\/vc_column][\/vc_row][vc_row][vc_column width=&#8221;1\/2&#8243;][vc_single_image image=&#8221;9269&#8243; img_size=&#8221;725\u200a\u00d7\u200a720&#8243;][\/vc_column][vc_column width=&#8221;1\/2&#8243;][vc_column_text]<\/p>\n<div class=\"vc_row wpb_row vc_row-fluid\">\n<div class=\"wpb_column vc_column_container vc_col-sm-6\">\n<div class=\"vc_column-inner\">\n<div class=\"wpb_wrapper\">\n<div class=\"wpb_text_column wpb_content_element \">\n<div class=\"wpb_wrapper\">\n<div class=\"FFpbKc\">\n<div class=\"QcsUad BDJ8fb BLojaf sMVRZe wneUed\">\n<div class=\"XL3Kf\">\n<div class=\"a8FIud X0rvP\">\n<div data-show-delay-ms=\"250\" data-append-to-body=\"false\" data-propagate-tooltip-mouseover-events=\"true\" data-anchor-corner=\"bottom-end\" data-enable-skip-handler=\"false\" data-popup-corner=\"top-end\">\n<div class=\"usGWQd\" aria-live=\"polite\">\n<div class=\"KkbLmb\">\n<h3 class=\"lRu31 fusion-responsive-typography-calculated\" style=\"text-align: center;\" data-fontsize=\"16\" data-lineheight=\"24px\"><span class=\"HwtZe\" lang=\"en\"><span class=\"jCAhz ChMk0b\"><span class=\"ryNqvb\">Miguel Victorio Molina <\/span><\/span><\/span><\/h3>\n<div class=\"lRu31\"><span class=\"HwtZe\" lang=\"en\"><span class=\"jCAhz ChMk0b\"><span class=\"ryNqvb\">Began his musical studies at the professional music school and conservatory in Cieza, his hometown, under the direction of Jose Antonio Mu\u00f1oz Osete.<\/span><\/span><\/span><\/div>\n<div class=\"lRu31\"><span class=\"HwtZe\" lang=\"en\"><span class=\"jCAhz ChMk0b\"><span class=\"ryNqvb\">In June 2016 he obtained a higher degree in music specializing in euphonium at the Conservatory of Music of Murcia under the tutelage of the tubist Vicente L\u00f3pez with Honors in his Final Degree Recital.<\/span><\/span><\/span><\/div>\n<div class=\"lRu31\"><span class=\"HwtZe\" lang=\"en\"><span class=\"jCAhz ChMk0b\"><span class=\"ryNqvb\">In 2019 he studied a master\u2019s degree in \u00a8New technologies of current music\u00a8 in the specialty of interpretation at the Royal Conservatory of Music of Madrid under the direction of Manuel D\u00e1vila.<\/span><span class=\"jCAhz\"> <span class=\"ryNqvb\">He has taken various improvement courses with great performers.<\/span> <span class=\"ryNqvb\">highlighting David Abell\u00e1n, Juan Jos\u00e9 Munera, Josep Burguera, David Childs, Daniel F\u00e9rriz, Sergio Finca, Steven Mead and Thomas R\u00fcedi.<\/span><\/span><\/span><\/span><\/div>\n<div class=\"lRu31\"><span class=\"HwtZe\" lang=\"en\"><span class=\"jCAhz ChMk0b\"><span class=\"jCAhz\"><span class=\"ryNqvb\">He has collaborated with the Murcia Region Symphony Orchestra, Madrid Symphony Orchestra, Bilbao Municipal Band, Alicante Municipal Band and Almer\u00eda Municipal Band.<\/span> <span class=\"ryNqvb\">He has been a guest artist at the tubas and euphonium festival held by the Portuguese Association of Tubas and Euphoniums (A.P.T.E.) at the Escuela Superior de M\u00fasica de Lisboa, a guest at the tubas and euphonium festival held by the Spanish Association of Tubas and<\/span> <span class=\"ryNqvb\">Euphoniums (AETYB) at the Joaqu\u00edn Rodrigo Superior Conservatory of Music in Valencia and at the Chelva Arts and Nature Festival (Valencia).<\/span><\/span><\/span><\/span><\/div>\n<div class=\"lRu31\"><span class=\"HwtZe\" lang=\"en\"><span class=\"jCAhz ChMk0b\"><span class=\"jCAhz\"><span class=\"ryNqvb\">He has been awarded first prize in the highest category of the \u201cCiutat de la Vila Joiosa\u201d euphonium competition in 2015 and 2016. Winner of the Villa de Molina competition in the category of higher education in 2016. Third prize in<\/span> <span class=\"ryNqvb\">the international competition held in Valencia by the Spanish Association of Tubas and Euphoniums in July 2016 and second prize in the XXIV \u201cVilla de Cox\u201d Musical Interpretation Contest in 2017. <\/span><\/span><\/span><\/span><\/div>\n<div class=\"lRu31\"><span class=\"HwtZe\" lang=\"en\"><span class=\"jCAhz ChMk0b\"><span class=\"jCAhz\"><span class=\"ryNqvb\">In May 2017 he was awarded the second prize in the Contest<\/span> <span class=\"ryNqvb\">Permanent of Musical Youth of Spain.<\/span> <span class=\"ryNqvb\">He has performed as a guest soloist with the Alicante Municipal Band at the Alicante Provincial Council Auditorium (ADDA).<\/span> <span class=\"ryNqvb\">He has taught various instrumental improvement courses in many professional conservatories, highlighting the Conservatorios Superiores de M\u00fasica de Granada, Real Conservatorio de M\u00fasica de Madrid, and the euphonium academy \u201cVicente Costa\u201d in Museros directed by Juanjo Munera.<\/span> <span class=\"ryNqvb\">He has also collaborated as part of the jury in the Villa de Molina contest and in the one carried out by the Spanish Association of Tubas and Euphoniums.<\/span><\/span><\/span><\/span><\/div>\n<div class=\"lRu31\"><span class=\"HwtZe\" lang=\"en\"><span class=\"jCAhz ChMk0b\"><span class=\"jCAhz\"><span class=\"ryNqvb\">In July 2017, he entered the Military Music Corps of the Armed Forces on the non-commissioned officer scale and in 2022 he was promoted to instrumentalist officer, being the first euphonium player to be an Officer of the Spanish Army, an activity that he combines with performing<\/span> <span class=\"ryNqvb\">of masterclasses and recitals throughout Spain, having performed his project \u201cSpanish Dances\u201d, Spanish music for euphonium and piano by Pablo de Sarasate and Manuel de Falla, in cities such as Valladolid, Beniaj\u00e1n, Capdepera, Alaior or Almu\u00f1ecar.<\/span><\/span><\/span><\/span><\/div>\n<div class=\"lRu31\"><span class=\"HwtZe\" lang=\"en\"><span class=\"jCAhz ChMk0b\"><span class=\"jCAhz\"><span class=\"ryNqvb\">Miguel Victorio is sponsored by the renowned Swiss instrument brand Willson and uses the Willson model 2900 TA euphonium.<\/span><\/span><\/span><\/span><\/div>\n<\/div>\n<\/div>\n<\/div>\n<\/div>\n<\/div>\n<\/div>\n<\/div>\n<\/div>\n<\/div>\n<\/div>\n<\/div>\n<\/div>\n<\/div>\n<div class=\"vc_row wpb_row vc_row-fluid\">\n<div class=\"wpb_column vc_column_container vc_col-sm-12\">\n<div class=\"vc_column-inner\">\n<div class=\"wpb_wrapper\">\n<div class=\"wpb_text_column wpb_content_element \">\n<div class=\"wpb_wrapper\"><\/div>\n<\/div>\n<div class=\"wpb_text_column wpb_content_element \">\n<div class=\"wpb_wrapper\"><\/div>\n<\/div>\n<\/div>\n<\/div>\n<\/div>\n<\/div>\n<p>[\/vc_column_text][\/vc_column][\/vc_row][vc_row][vc_column][vc_column_text]<\/p>\n<h1 style=\"text-align: center;\">Guest Teacher<\/h1>\n<p style=\"text-align: center;\">Pep Burguera<\/p>\n<p>[\/vc_column_text][\/vc_column][\/vc_row][vc_row][vc_column width=&#8221;1\/2&#8243;][vc_single_image image=&#8221;9271&#8243; img_size=&#8221;705\u200a\u00d7\u200a1297&#8243;][\/vc_column][vc_column width=&#8221;1\/2&#8243;][vc_column_text]<\/p>\n<h3 style=\"text-align: center;\">Josep Burguera Riera<\/h3>\n<p>-He studied the Intermediate Degree in euphonium and trombone with the highest marks and the &#8220;End of Degree&#8221; Award for euphonium from the Professional Conservatory of Palma. He continued at the Royal Conservatory of Music in Madrid, where he finished two separate Higher Degrees with Honor Awards .<\/p>\n<p>-His euphonium teachers have been Antoni Roig, Miguel Moreno and David Ll\u00e0cer, in addition to having received classes from international soloists such as Maurice Andr\u00e9, Shoichiro Hokazono, Steven Mead, Brian Bowman and Thomas R\u00fcedi.<br \/>\n-He has been principal trombone of the JONC (Young National Orchestra of Catalonia, (1998-2000), and of the JONDE (Young National Orchestra of Spain, 2001-2003).<br \/>\n-He has been soloist euphonium of the Bilbao Municipal Music Band (2001-05), and professor of trombone and euphonium at the Municipal Conservatory of Bilbao and Leioa.<br \/>\n-He has collaborated with the Bilbao Symphony Orchestra, the Madrid Symphony Orchestra, the \u201cIlla de Mallorca\u201d Chamber Orchestra, the Castilla Le\u00f3n Symphony Orchestra and the National Orchestra of Spain. &#8211; In chamber music, he has been part of various formations, such as &#8220;Euskadi Brass&#8221;, Besson Euphonium Tuba Gang&#8221; &#8230; and performed concerts with the organist Rafael Riera, and pianists such as D. Miguel, I. Jagla, B. Young , D. Nedeltcheva, I. Frontela, M. Capet, A. Garc\u00eda, K. Wieczorek, Joo-Yeon Jang, Yuko Mizutani&#8230;<br \/>\n-Since 2005 he has been a soloist euphonium of the Palma Municipal Music Band, with which he has performed as a soloist.<br \/>\n&#8211; Obtained the First Prize in the VI edition of the &#8220;Jeju International Brass Competition&#8221;<br \/>\n(South Korea-2010).<br \/>\n-He has been a professor of euphonium at the Brass Academy of Alicante (2011-2015)<br \/>\n&#8211; He has taken courses at the Professional Conservatory of Palma (Mallorca), the Menorca Professional Conservatory (Mah\u00f3n), the Almorad\u00ed Professional Conservatory (Alicante), the Gij\u00f3n Professional Conservatory (Asturias), and the &#8220;Eugen Bozza&#8221; Conservatory (Valenciennes). , France), at the Royal Conservatory of Antwerp (Belgium), at the Mirandela Professional School of Art and Covilha Professional Conservatory (Portugal), at the &#8220;Vicente Costa&#8221; Euphonium Academy (Museros -Valencia), at the Superior Conservatory of Music of M\u00e1laga, at the Conservatory of Music of Castell\u00f3n &#8220;Salvador Segu\u00ed&#8221;, at the Royal Conservatory of Music of Madrid, at the &#8220;Madrid Tuba Academy&#8221;, at the Conservatory of Music of Valencia &#8220;Joaqu\u00edn Rodrigo&#8221;, at the University of the Arts of Osaka and Tokyo (Japan). -He attended the &#8220;ITEC-2012&#8221; (International Tuba &amp; Euphonium Conference) as a guest artist, performing a piano recital at the Brucknerhaus in Linz, as well as Festivals organized by the Spanish Association of Tubas and Euphoniums (AETYB) in Barcelona (2014) , Valencia (2016), Madrid (2018) and Malaga (2022).<br \/>\n&#8211; He has been part of national competition courts such as the &#8220;Vilajoiosa Tuba Contest&#8221; (&#8217;17, &#8217;19, 23), and international, such as those organized by the AETYB in 2014, 2016 and 2018, as well such as the International Tuba and Euphonium Competition de Tours &#8217;17 (France) and Jeju International Brass Competition &#8217;18 and &#8217;22 (South Korea).<br \/>\n-He has been an associate professor of Tuba (and Euphonium) at the Conservatory of Music of the Balearic Islands (2011-2021), of which he is currently the main visiting professor.<br \/>\n-Since 2011 he is a Besson Artist, he plays with the Besson Prestige BE 2052-8G-0.[\/vc_column_text][\/vc_column][\/vc_row][vc_row][vc_column][vc_column_text]<\/p>\n<h3 class=\"fusion-responsive-typography-calculated\" data-fontsize=\"16\" data-lineheight=\"24px\"><span style=\"color: #ff0000;\"><b><u>CLASSES DATES 2023-2024<\/u><\/b><\/span><\/h3>\n<h3 class=\"fusion-responsive-typography-calculated\" data-fontsize=\"16\" data-lineheight=\"24px\">October 2023<\/h3>\n<p>Miguel Molina<br \/>\nOctober 14th<\/p>\n<p>Miguel Molina<br \/>\nOctober 28th<\/p>\n<h3 class=\"fusion-responsive-typography-calculated\" data-fontsize=\"16\" data-lineheight=\"24px\">November 2023<\/h3>\n<p>Miguel Molina<\/p>\n<p>November 11th<\/p>\n<p>Patricio Cosentino<\/p>\n<p>November 21st<\/p>\n<h3 class=\"fusion-responsive-typography-calculated\" data-fontsize=\"16\" data-lineheight=\"24px\">December 2023<\/h3>\n<p>Patricio Cosentino<br \/>\nDecember 2nd<\/p>\n<p>Miguel Molina<\/p>\n<p>December 16th[\/vc_column_text][\/vc_column][\/vc_row]<\/p>\n<\/div>","protected":false},"excerpt":{"rendered":"<p>[vc_row][vc_column][vc_column_text] Miguel Victorio Molina [\/vc_column_text][\/vc_column][\/vc_row][vc_row][vc_column width=&#8221;1\/2&#8243;][vc_single_image image=&#8221;9269&#8243; img_size=&#8221;725\u200a\u00d7\u200a720&#8243;][\/vc_column][vc_column width=&#8221;1\/2&#8243;][vc_column_text] Miguel Victorio Molina Began his musical studies at the professional music school and conservatory in Cieza, his hometown, under the direction of Jose Antonio Mu\u00f1oz Osete. In June 2016 he obtained a higher degree in music specializing in euphonium at the Conservatory of Music of Murcia [&hellip;]<\/p>\n","protected":false},"author":3,"featured_media":0,"parent":0,"menu_order":0,"comment_status":"closed","ping_status":"closed","template":"","meta":{"footnotes":""},"class_list":["post-9289","page","type-page","status-publish","hentry"],"_links":{"self":[{"href":"https:\/\/www.brassacademy.com\/en\/wp-json\/wp\/v2\/pages\/9289"}],"collection":[{"href":"https:\/\/www.brassacademy.com\/en\/wp-json\/wp\/v2\/pages"}],"about":[{"href":"https:\/\/www.brassacademy.com\/en\/wp-json\/wp\/v2\/types\/page"}],"author":[{"embeddable":true,"href":"https:\/\/www.brassacademy.com\/en\/wp-json\/wp\/v2\/users\/3"}],"replies":[{"embeddable":true,"href":"https:\/\/www.brassacademy.com\/en\/wp-json\/wp\/v2\/comments?post=9289"}],"version-history":[{"count":5,"href":"https:\/\/www.brassacademy.com\/en\/wp-json\/wp\/v2\/pages\/9289\/revisions"}],"predecessor-version":[{"id":9585,"href":"https:\/\/www.brassacademy.com\/en\/wp-json\/wp\/v2\/pages\/9289\/revisions\/9585"}],"wp:attachment":[{"href":"https:\/\/www.brassacademy.com\/en\/wp-json\/wp\/v2\/media?parent=9289"}],"curies":[{"name":"wp","href":"https:\/\/api.w.org\/{rel}","templated":true}]}}